{"id":31135,"date":"2015-07-14T19:16:55","date_gmt":"2015-07-14T17:16:55","guid":{"rendered":"http:\/\/crashdown.com\/news\/?page_id=31135"},"modified":"2020-02-02T11:27:36","modified_gmt":"2020-02-02T16:27:36","slug":"dvd","status":"publish","type":"page","link":"https:\/\/crashdown.com\/news\/show\/dvd\/","title":{"rendered":"Roswell On DVD"},"content":{"rendered":"<h4>USA\/Canada\/UK<\/h4>\n<p><img decoding=\"async\" class=\"alignright\" title=\"Cover USA\/Canada Re-Released\" src=\"..\/..\/..\/..\/images\/show\/dvds\/us_box01-new.jpg\" \/> <img decoding=\"async\" class=\"alignright\" title=\"Cover UK &amp; USA\/Canada (old)\" src=\"..\/..\/..\/..\/images\/show\/dvds\/ukus_box01.jpg\" \/><\/p>\n<h3>The Complete First Season<\/h3>\n<p><b>Release Date:<\/b> 17. February 2004 (USA, CA)<br \/>\n<b>Release Date:<\/b> 26. April 2004 (UK)<br \/>\n<b>Re-Release Date:<\/b> 29. April 2008 (USA, CA)<br \/>\n<b>Order:<\/b> amazon.<a href=\"http:\/\/www.amazon.com\/Roswell-Season-1-Jason-Behr\/dp\/B00133QNRW\/\" target=\"_blank\" rel=\"noopener noreferrer\">com<\/a> | <a href=\"http:\/\/www.amazon.ca\/exec\/obidos\/ASIN\/B0000TPA6K\/\" target=\"_blank\" rel=\"noopener noreferrer\">ca<\/a> | <a href=\"http:\/\/www.amazon.co.uk\/Roswell-Complete-Season-Shiri-Appleby\/dp\/B0001B3YSI\/mediablvd-21\" target=\"_blank\" rel=\"noopener noreferrer\">co.uk<\/a><\/p>\n<p><b>Description:<\/b> &#8220;September 23rd. Journal entry one. I&#8217;m Liz Parker and five days ago I died. After that, things got really weird&#8230;. &#8221; So begins a new life for Liz and her friend Maria after they discover that three of their classmates at Roswell High aren&#8217;t axactly from &#8220;around here&#8221;. To be more exact, Max, Isabel and Michael are from &#8220;up there&#8221;. Having grown up quietly within the community, their alien identities are suddenly jeopardized after Max uses his powers to save Liz&#8217;s life. Now the alien trio must learn to trust their human friends even as they struggle to discover their own true identities.<\/p>\n<p><b>Format:<\/b> 16:9<br \/>\n<b>Languages:<\/b> English, French (UK)<br \/>\n<b>Main Feature Subtitles:<\/b> English, French<br \/>\n<b>Special Features:<\/b> Disc 1 &#8211; Commentary for &#8220;Pilot&#8221; by Executive Producer\/Writer Jason Katims &amp; David Nutter, Deleted Scene &#8211; &#8220;Liz and Maria talk after shooting&#8221;; Disc 2 &#8211; Commentary for &#8220;Blood Brothers&#8221; by Director David Nutter ; Disc 3 &#8211; Commentary for &#8220;The Balance&#8221; by Executive Producer\/Writer Thania St. John; Disc 4 &#8211; Commentary for &#8220;Sexual Healing&#8221; by Shiri Appleby and Majandra Delfino; Disc 5 &#8211; Commentary for &#8220;Crazy&#8221; by Shiri Appleby and Majandra Delfino; Disc 6 &#8211; Commentary for &#8220;Destiny&#8221; by Executive Producer\/Writer Jason Katims and Director Patrick Norris; &#8220;Behind the Scenes of Roswell&#8221; Featurette; &#8220;Roswell High: The making of Roswell&#8221; Featurette; Actor audition segments: &#8220;Tess and Max in the Lab&#8221; and &#8220;Tess and Isabel meet at lunch&#8221;; Music video: &#8220;Save Yourself&#8221; by Sensefield<\/p>\n<p><img decoding=\"async\" class=\"alignright\" title=\"Cover USA\/Canada Re-Released\" src=\"..\/..\/..\/..\/images\/show\/dvds\/us_box02-new.jpg\" \/> <img decoding=\"async\" class=\"alignright\" title=\"Cover USA\/Canada (old)\" src=\"..\/..\/..\/..\/images\/show\/dvds\/us_box02.jpg\" \/> <img decoding=\"async\" class=\"alignright\" title=\"Cover UK\" src=\"..\/..\/..\/..\/images\/show\/dvds\/uk_box02.jpg\" \/><\/p>\n<h3>The Complete Second Season<\/h3>\n<p><b>Release Date:<\/b> 9. August 2004 (UK)<br \/>\n<b>Release Date:<\/b> 5. October 2004 (USA, CA)<br \/>\n<b>Re-Release Date:<\/b> 29. April 2008 (USA, CA)<br \/>\n<b>Order:<\/b> amazon.<a href=\"https:\/\/www.amazon.com\/Roswell-Season-2\/dp\/B00133QNS6\/\" target=\"_blank\" rel=\"noopener noreferrer\">com<\/a> | <a href=\"https:\/\/www.amazon.ca\/Roswell-Season-2\/dp\/B00133QNS6\/mediablvd0d-20\" target=\"_blank\" rel=\"noopener noreferrer\">ca<\/a> | <a href=\"http:\/\/www.amazon.co.uk\/Roswell-Complete-Season-2\/dp\/B00028494I\/mediablvd-21\" target=\"_blank\" rel=\"noopener noreferrer\">co.uk<\/a><\/p>\n<p><b>Description:<\/b> While the first season of Roswell introcuced us to the other-wordly teenagers living in the tiny but notorious town of Roswell, New Mexico, the second season finds them with their enemy amongst them, in the midst of a war for the survival of their entire race.<br \/>\nAs well as the threat from the mysterious Skins, sent from the aliens&#8217; home system to try and eleminate them, there are difficult decicions to be made &#8211; who will be left on Earth at the end of this season?<\/p>\n<p><b>Format:<\/b> 16:9<br \/>\n<b>Languages:<\/b> English, French<br \/>\n<b>Main Feature Subtitles:<\/b> English, French<br \/>\n<b>Special Features:<\/b> disc 1 &#8211; Commentary for &#8220;Ask Not&#8221; by Executive Producer\/Writer Ron Moore; Disc 3 &#8211; Commentary for &#8220;A Roswell Christmas Carol&#8221; by Executive Producer\/Writer Jason Katims and Director Patrick Norris; Disc 5 &#8211; Commentary for &#8220;Cry Your Name&#8221; by Executive Producer\/Writer Ron Moore; Disc 6 &#8211; &#8220;Here With Me: The Making of Roswell Season 2&#8221;, &#8220;A little something extra for the fans&#8221;, &#8220;The Art of composing Roswell&#8221;, &#8220;The Shiri &amp; Majandra Show&#8221;, &#8220;Storyboard Featurette&#8221;<\/p>\n<p><img decoding=\"async\" class=\"alignright\" title=\"Cover UK\" src=\"..\/..\/..\/..\/images\/show\/dvds\/uk_box03.jpg\" \/> <img decoding=\"async\" class=\"alignright\" title=\"Cover USA\/Canada (old)\" src=\"..\/..\/..\/..\/images\/show\/dvds\/us_box03.jpg\" \/> <img decoding=\"async\" class=\"alignright\" title=\"Cover USA\/Canada Re-Released\" src=\"..\/..\/..\/..\/images\/show\/dvds\/us_box03-new.jpg\" \/><\/p>\n<h3>The Complete Third Season<\/h3>\n<p><b>Release Date:<\/b> 11. October 2004 (UK)<br \/>\n<b>Release Date:<\/b> 09. August 2005 (USA, CA)<br \/>\n<b>Re-Release Date:<\/b> 29. April 2008 (USA, CA)<br \/>\n<b>Order:<\/b> amazon.<a href=\"https:\/\/www.amazon.com\/Roswell-Season-3\/dp\/B00133QNSG\/\" target=\"_blank\" rel=\"noopener noreferrer\">com<\/a> | <a href=\"https:\/\/www.amazon.ca\/Roswell-Season-3\/dp\/B00133QNSG\/\" target=\"_blank\" rel=\"noopener noreferrer\">ca<\/a> | <a href=\"http:\/\/www.amazon.co.uk\/Roswell-Complete-Season-Adam-Rodriguez\/dp\/B0002VF638\/mediablvd-21\" target=\"_blank\" rel=\"noopener noreferrer\">co.uk<\/a><\/p>\n<p><b>Description:<\/b> Roswell Season 3 continues to chart the lives of the alien inhabitants of Roswell, New Mexico where a trail of devastation and destruction has been left in the aftermath of Tess&#8217; shock departure. Tess has taken Max&#8217;s unborn child back to their home planet and Max is left feeling alone and confused towards Tess and his unborn son, heir to the throne. The thrid and final pieces in the Roswell jigsaw sees the aliens&#8217; true identities become knows to more people, with tough decisions to be made.<\/p>\n<p><b>Format:<\/b> 16:9;<br \/>\n<b>Languages:<\/b> English, French<br \/>\n<b>Main Feature Subtitles:<\/b> English, French<br \/>\n<b>Features:<\/b> Disc 1 &#8211; Commentary for &#8220;Secrets &amp; Lies&#8221; by Jonathan Frakes; Disc 2 &#8211; Commentary for &#8220;Behind The Music&#8221; by Jonathan Frakes; Disc 3 &#8211; Commentary for &#8220;I Married An Alien &#8221; by Ronald D. Moore; Disc 4 &#8211; Commentary for &#8220;Graduation&#8221; by Jason Katims, Class of 2002 Featurette<br \/>\n<b>Addition on the US Version:<\/b> &#8220;Shiri Appleby&#8217;s DVD Tour to Japan&#8221; featurette<\/p>\n<p><img decoding=\"async\" class=\"alignright\" title=\"Cover UK\" src=\"..\/..\/..\/..\/images\/show\/dvds\/box1-3.jpg\" \/><\/p>\n<h3>The Complete Series<\/h3>\n<p><b>Release Date:<\/b> 31. October 2005 (UK)<br \/>\n<b>Release Date:<\/b> 14. November 2006 (USA, Canada)<br \/>\n<b>Order:<\/b> amazon.<a href=\"http:\/\/www.amazon.com\/Roswell-Seasons-1-3-Shiri-Appleby\/dp\/B000JJ6K0Q\/\" target=\"_blank\" rel=\"noopener noreferrer\">com<\/a> | <a href=\"http:\/\/www.amazon.ca\/exec\/obidos\/ASIN\/B000JJ6K0Q\/mediablvd0d-20\" target=\"_blank\" rel=\"noopener noreferrer\">ca<\/a> | <a href=\"http:\/\/www.amazon.co.uk\/Roswell-Seasons-1-3-Shiri-Appleby\/dp\/B0002VF63I\/mediablvd-21\" target=\"_blank\" rel=\"noopener noreferrer\">co.uk<\/a><br \/>\n<b>Description:<\/b> Please read the descriptions listed above.<br \/>\n<b>Format:<\/b> 16:9<br \/>\n<b>Languages:<\/b> English, French<br \/>\n<b>Main Feature Subtitles:<\/b> English, French<br \/>\n<b>Features:<\/b> Please read the descriptions listed above.<\/p>\n<h2>USA\/Canada (Re-released)<\/h2>\n<table border=\"0\" width=\"100%\" cellspacing=\"3\" cellpadding=\"5\">\n<tbody>\n<tr>\n<td>\n<div align=\"center\"><strong>Season 1<\/strong><\/div>\n<\/td>\n<td>\n<div align=\"center\"><strong>Season 2<\/strong><\/div>\n<\/td>\n<td>\n<div align=\"center\"><strong>Season 3<\/strong><\/div>\n<\/td>\n<td>\n<div align=\"center\"><strong>The Complete Series<\/strong><\/div>\n<\/td>\n<\/tr>\n<tr>\n<td>\n<div align=\"center\"><img decoding=\"async\" class=\"pic\" title=\"Cover USA\/Canada\" src=\"..\/..\/..\/..\/images\/show\/dvds\/us_box01-new.jpg\" \/><\/div>\n<\/td>\n<td>\n<div align=\"center\"><img decoding=\"async\" class=\"pic\" title=\"Cover USA\/Canada\" src=\"..\/..\/..\/..\/images\/show\/dvds\/us_box02-new.jpg\" \/><\/div>\n<\/td>\n<td>\n<div align=\"center\"><img decoding=\"async\" class=\"pic\" title=\"Cover USA\/Canada\" src=\"..\/..\/..\/..\/images\/show\/dvds\/us_box03-new.jpg\" \/><\/div>\n<\/td>\n<td>\n<div align=\"center\"><img loading=\"lazy\" decoding=\"async\" class=\"pic\" src=\"https:\/\/crashdown.com\/news\/wp-content\/uploads\/2019\/04\/us_complete.png\" alt=\"\" width=\"146\" height=\"146\" \/><\/div>\n<\/td>\n<\/tr>\n<tr>\n<td>\n<div align=\"center\"><b>Release Date:<\/b><br \/>\n29. April 2008<\/div>\n<\/td>\n<td>\n<div align=\"center\"><b>Release Date:<\/b><br \/>\n29. April 2008<\/div>\n<\/td>\n<td>\n<div align=\"center\"><b>Release Date:<\/b><br \/>\n29. April 2008<\/div>\n<\/td>\n<td>\n<div align=\"center\">\n<div align=\"center\"><b>Release Date:<\/b><\/div>\n<\/div>\n<div align=\"center\">April 29, 2008<\/div>\n<\/td>\n<\/tr>\n<tr>\n<td>\n<div align=\"center\"><b>Order:<\/b> amazon.<a href=\"http:\/\/www.amazon.com\/Roswell-Season-1\/dp\/B00133QNRW\/mediablvd-20\" target=\"_blank\" rel=\"noopener noreferrer\">com<\/a> | <a href=\"http:\/\/www.amazon.ca\/Roswell-Season-1\/dp\/B00133QNRW\/mediablvd0d-20\">ca<\/a><\/div>\n<\/td>\n<td>\n<div align=\"center\"><b>Order:<\/b> amazon.<a href=\"http:\/\/www.amazon.com\/Roswell-Season-2\/dp\/B00133QNS6\/mediablvd-20\" target=\"_blank\" rel=\"noopener noreferrer\">com<\/a> | <a href=\"http:\/\/www.amazon.ca\/Roswell-Season-2\/dp\/B00133QNS6\/mediablvd0d-20\">ca<\/a><\/div>\n<\/td>\n<td>\n<div align=\"center\"><b>Order:<\/b> amazon.<a href=\"http:\/\/www.amazon.com\/Roswell-Season-3\/dp\/B00133QNSG\/mediablvd-20\" target=\"_blank\" rel=\"noopener noreferrer\">com<\/a> | <a href=\"http:\/\/www.amazon.ca\/Roswell-Season-3\/dp\/B00133QNSG\/\/mediablvd0d-20\">ca<\/a><\/div>\n<\/td>\n<td>\n<div align=\"center\">\n<div align=\"center\"><b>Order:<\/b> amazon.<a href=\"http:\/\/www.amazon.com\/Roswell-Seasons-1-3-Shiri-Appleby\/dp\/B000JJ6K0Q\/\" target=\"_blank\" rel=\"noopener noreferrer\">com<\/a> |<\/div>\n<\/div>\n<div align=\"center\"><a href=\"http:\/\/www.amazon.ca\/exec\/obidos\/ASIN\/B000JJ6K0Q\/mediablvd0d-20\" target=\"_blank\" rel=\"noopener noreferrer\">ca<\/a><\/div>\n<\/td>\n<\/tr>\n<\/tbody>\n<\/table>\n<p>The first DVD box was published in February 2004 in the USA and Canada. With the success of Emmy Winner Katherine Heigl, who played an intern on ABC&#8217;s &#8220;Grey&#8217;s Anatomy&#8221; all three seasons were re-released in 2008 with a new design which centers on Isabel.<\/p>\n<h4>France<\/h4>\n<p><img loading=\"lazy\" decoding=\"async\" class=\"alignright wp-image-39957\" src=\"https:\/\/crashdown.com\/news\/wp-content\/uploads\/2019\/04\/france_s1-702x1024.jpg\" alt=\"\" width=\"104\" height=\"152\" srcset=\"https:\/\/crashdown.com\/news\/wp-content\/uploads\/2019\/04\/france_s1-702x1024.jpg 702w, https:\/\/crashdown.com\/news\/wp-content\/uploads\/2019\/04\/france_s1-206x300.jpg 206w, https:\/\/crashdown.com\/news\/wp-content\/uploads\/2019\/04\/france_s1-768x1121.jpg 768w, https:\/\/crashdown.com\/news\/wp-content\/uploads\/2019\/04\/france_s1.jpg 1028w\" sizes=\"auto, (max-width: 104px) 100vw, 104px\" \/><\/p>\n<h3>Roswell : Int\u00e9grale Saison 1<\/h3>\n<p><strong>Date de sortie du DVD :<\/strong> 28 avril 2004<br \/>\n<strong>Order :<\/strong> amazon.<a href=\"http:\/\/www.amazon.fr\/Roswell-Int\u00e9grale-Saison-Coffret-DVD\/dp\/B0001EQL94\/\" target=\"_blank\" rel=\"noopener noreferrer\">fr<\/a><\/p>\n<p><strong>Description :<\/strong> &#8220;En 1947, dans le Nouveau-Mexique pr\u00e8s de la petite ville de Roswell, un OVNI s&#8217;\u00e9crase. En 1989, trois extraterrestres \u00e9mergent d&#8217;incubateurs sous la forme de trois jeunes enfants de 6 ans. Max et Isabel sont recueillis par une famille ais\u00e9e, alors que Michael atterrit chez un homme qui vit dans une caravane. Les trois aliens ne connaissent qu&#8217;une seule chose de leurs origines : ils ne sont pas d&#8217;ici. Une fois adolescents, ils vont tenter avec l&#8217;aide de deux lyc\u00e9ennes qui ont perc\u00e9 leur secret de d\u00e9couvrir leur pass\u00e9&#8230; Retrouvez dans ce coffret 6 DVD l&#8217;int\u00e9gralit\u00e9 de la premi\u00e8re saison de la s\u00e9rie culte.<\/p>\n<h3>Roswell : Int\u00e9grale Saison 2<\/h3>\n<p><strong>Date de sortie du DVD :\u00a0<\/strong> 11 ao\u00fbt 2004<br \/>\n<strong>Order:<\/strong> amazon.<a href=\"http:\/\/www.amazon.fr\/Roswell-Int\u00e9grale-Saison-Coffret-DVD\/dp\/B0002B5DIG\/\" target=\"_blank\" rel=\"noopener noreferrer\">fr<\/a><\/p>\n<p><img loading=\"lazy\" decoding=\"async\" class=\"alignright wp-image-39959\" src=\"https:\/\/crashdown.com\/news\/wp-content\/uploads\/2019\/04\/france_s2-728x1024.jpg\" alt=\"Season 2 France\" width=\"105\" height=\"149\" srcset=\"https:\/\/crashdown.com\/news\/wp-content\/uploads\/2019\/04\/france_s2-728x1024.jpg 728w, https:\/\/crashdown.com\/news\/wp-content\/uploads\/2019\/04\/france_s2-213x300.jpg 213w, https:\/\/crashdown.com\/news\/wp-content\/uploads\/2019\/04\/france_s2-768x1081.jpg 768w, https:\/\/crashdown.com\/news\/wp-content\/uploads\/2019\/04\/france_s2.jpg 779w\" sizes=\"auto, (max-width: 105px) 100vw, 105px\" \/><strong>Description :<\/strong> A cause d&#8217;un simple coup du sort, la vie de 6 jeunes adolescents va \u00eatre chang\u00e9e \u00e0 tout jamais. Le jour ou Max d\u00e9voile ses pouvours \u00e0 Liz en lui sauvant la vie, il expose dangereusement le secret de son identit\u00e9 extraterrestre. Aux c\u00f4tes de sa soeur Isabel et de son meilleur ami Michael, Max doit sans cesse lutter contre les forces du mal qui tentent sans rel\u00e2che de les \u00e9liminer.<br \/>\nD\u00e9sormais forc\u00e9s de faire confiance \u00e0 Liz et ses amis Maria et Alex, les trois jeunes extraterrestres entament alors un voyage vers la connaissance d&#8217;eux-m\u00eames et de leur destin. Lorsqu&#8217;ils d\u00e9couvrent la nature de ce destin, et le prix \u00e0 payer pour l&#8217;accomplir, Max doit faire un choix cruel : vivre comme un homain aupr\u00e8s de Liz, ou abandonner la seule fille qu&#8217;il ait jamais aim\u00e9e en acceptant son r\u00f4le de leader du groupe d&#8217;extraterrestres.<\/p>\n<h3>Roswell : Int\u00e9grale Saison 3<\/h3>\n<p><strong>Date de sortie du DVD :<\/strong> 20 octobre 2004<br \/>\n<strong>Order :<\/strong> amazon.<a href=\"http:\/\/www.amazon.fr\/Roswell-Int\u00e9grale-Saison-Coffret-DVD\/dp\/B0002VLBTG\/\" target=\"_blank\" rel=\"noopener noreferrer\">fr<\/a><\/p>\n<p><img loading=\"lazy\" decoding=\"async\" class=\"alignright wp-image-39961\" src=\"https:\/\/crashdown.com\/news\/wp-content\/uploads\/2019\/04\/france_s3-732x1024.jpg\" alt=\"\" width=\"107\" height=\"151\" srcset=\"https:\/\/crashdown.com\/news\/wp-content\/uploads\/2019\/04\/france_s3-732x1024.jpg 732w, https:\/\/crashdown.com\/news\/wp-content\/uploads\/2019\/04\/france_s3-214x300.jpg 214w, https:\/\/crashdown.com\/news\/wp-content\/uploads\/2019\/04\/france_s3-768x1075.jpg 768w, https:\/\/crashdown.com\/news\/wp-content\/uploads\/2019\/04\/france_s3.jpg 788w\" sizes=\"auto, (max-width: 107px) 100vw, 107px\" \/><strong>Description :<\/strong> Tout au long des 10 derni\u00e8res ann\u00e9es, Max, sa soeur Isabel et son meilleur ami Michael Guerin ont v\u00e9cu une existence \u00e0 peu pr\u00e8s normale, malgr\u00e9 leur nature hybride, m\u00e9lange entre ADN extraterrestre et humain &#8230; Seuls survivants de l&#8217;explosion de leur vaisseau spatial, \u00e9cras\u00e9 selon la croyance populaire au milieu du d\u00e9sert en 1949, les trois adolescents vivaient jusqu&#8217;\u00e0 pr\u00e9sent dans une parfaite qui\u00e9tude parmi les habitants de la petite ville de Roswell.<\/p>\n<p>Mais, maintenant que leurs ennemis sont parmi eux, et qu\u00c4ils savent que la survie de leur esp\u00e8ce toute entie\u00e8re d\u00e9pend d&#8217;eux, la guerre a officiellement commenc\u00e9.<\/p>\n<h4>Roswell &#8211; L&#8217;int\u00e9grale de la s\u00e9rie : Saisons 1 \u00e0 3<\/h4>\n<p><strong>Date de sortie du DVD :<\/strong> 2 octobre 2013<br \/>\n<strong>Order :<\/strong> amazon.<a href=\"http:\/\/www.amazon.fr\/Roswell-Lint\u00e9grale-s\u00e9rie-Saisons-\u00e0\/dp\/B00DUGPYZ2\/\" target=\"_blank\" rel=\"noopener noreferrer\">fr<\/a><\/p>\n<p><img loading=\"lazy\" decoding=\"async\" class=\"alignright wp-image-39963\" src=\"https:\/\/crashdown.com\/news\/wp-content\/uploads\/2019\/04\/france_s1-3.png\" alt=\"\" width=\"107\" height=\"136\" srcset=\"https:\/\/crashdown.com\/news\/wp-content\/uploads\/2019\/04\/france_s1-3.png 395w, https:\/\/crashdown.com\/news\/wp-content\/uploads\/2019\/04\/france_s1-3-237x300.png 237w\" sizes=\"auto, (max-width: 107px) 100vw, 107px\" \/><strong>Description :<\/strong> R\u00e9spondez \u00e0 l&#8217;appel du destin. A cause d&#8217;un simple coup du sort, la vie de 6 jeunes adolescents va \u00eatre chang\u00e9e \u00e0 tout jamais. Le jour o\u00f9 Max d\u00e9voile ses pouvoirs \u00e0 Liz en lui sauvant la vie, il expose dangerousement le secret de son identit\u00e9 extraterrestre. Aux c\u00f4t\u00e9s de sa soeur Isabel et de son meilleur ami Michael, Max doit sans cesse lutter contre les forces du mal qui tentent sans rel\u00e2che de les \u00e9liminer.<\/p>\n<p>D\u00e9couvrez vite les 3 saisons de cette s\u00e9rie culte qui revisite avec brio le myst\u00e8re de Roswell. M\u00ealant habilement drame et science-fiction, ROSWELL est port\u00e9e par un casting envoutant : Katherine Heigl (Grey&#8217;s Anatomy), Emilie de Ravin (Lost), Jason Behr (Dawson) et Brendan Fehr (Les Experts : Miami).<\/p>\n<h4>Germany<\/h4>\n<table border=\"0\" width=\"100%\" cellspacing=\"3\" cellpadding=\"5\">\n<tbody>\n<tr>\n<td>\n<div align=\"center\"><strong>Season 1<\/strong><\/div>\n<\/td>\n<td>\n<div align=\"center\"><strong>Season 2<\/strong><\/div>\n<\/td>\n<td>\n<div align=\"center\"><strong>Season 3<\/strong><\/div>\n<\/td>\n<td>\n<div align=\"center\"><strong>The Complete Series<\/strong><\/div>\n<\/td>\n<\/tr>\n<tr>\n<td>\n<div align=\"center\"><img decoding=\"async\" class=\"pic\" title=\"Cover Germany\" src=\"..\/..\/..\/..\/images\/show\/dvds\/ger_box01.jpg\" \/><\/div>\n<\/td>\n<td>\n<div align=\"center\"><img decoding=\"async\" class=\"pic\" title=\"Cover Germany\" src=\"..\/..\/..\/..\/images\/show\/dvds\/ger_box02.jpg\" \/><\/div>\n<\/td>\n<td>\n<div align=\"center\"><img decoding=\"async\" class=\"pic\" title=\"Cover Germany\" src=\"..\/..\/..\/..\/images\/show\/dvds\/ger_box03.jpg\" \/><\/div>\n<\/td>\n<td>\n<div align=\"center\"><img decoding=\"async\" class=\"pic\" title=\"Cover Germany\" src=\"..\/..\/..\/..\/images\/show\/dvds\/ger_box1-3.jpg\" \/><\/div>\n<\/td>\n<\/tr>\n<tr>\n<td>\n<div align=\"center\"><b>Release Date:<\/b><br \/>\n24. March 2006<\/div>\n<\/td>\n<td>\n<div align=\"center\"><b>Release Date:<\/b><br \/>\n21. April 2006<\/div>\n<\/td>\n<td>\n<div align=\"center\"><b>Release Date:<\/b><br \/>\n19. May 2006<\/div>\n<\/td>\n<td>\n<div align=\"center\"><b>Release Date:<\/b><br \/>\n19. October 2007<\/div>\n<\/td>\n<\/tr>\n<tr>\n<td>\n<div align=\"center\"><b>Order:<\/b> amazon.<a href=\"http:\/\/www.amazon.de\/Roswell-komplette-erste-Staffel-DVDs\/dp\/B000E8RB0K\/\" target=\"_blank\" rel=\"noopener noreferrer\">de<\/a><\/div>\n<\/td>\n<td>\n<div align=\"center\"><b>Order:<\/b> amazon.<a href=\"http:\/\/www.amazon.de\/Roswell-Die-komplette-zweite-Staffel\/dp\/B000EMSGKA\/\" target=\"_blank\" rel=\"noopener noreferrer\">de<\/a><\/div>\n<\/td>\n<td>\n<div align=\"center\"><b>Order:<\/b> amazon.<a href=\"http:\/\/www.amazon.de\/Roswell-komplette-dritte-Staffel-DVDs\/dp\/B000EMSGJQ\/\" target=\"_blank\" rel=\"noopener noreferrer\">de<\/a><\/div>\n<\/td>\n<td>\n<div align=\"center\"><b>Order:<\/b> amazon.<a href=\"http:\/\/www.amazon.de\/Roswell-Die-komplette-Serie-DVDs\/dp\/B000V2SGHG\/\" target=\"_blank\" rel=\"noopener noreferrer\">de<\/a><\/div>\n<\/td>\n<\/tr>\n<\/tbody>\n<\/table>\n<p>The first season was published in March 2006. The second and third Roswell season followed in April and May. The DVD package has been produced in top-quality as a DVD Slipcase Set (Digipack &amp; Slipcase). The front cover shows the main characters, but inside the package photos of the other cast members are printed on the discs. Besides the booklet which includes short descriptions of each episode, the digipack features a list of special features which are on the DVD. The discs are placed in three transparent holders. A pleasant surprise for the German fans: the german audio track includes the original televison music. The english audio on the DVDs is the new DVD version with the replaced music.<\/p>\n<p>&nbsp;<\/p>\n<p>&nbsp;<\/p>\n","protected":false},"excerpt":{"rendered":"<p>USA\/Canada\/UK The Complete First Season Release Date: 17. February 2004 (USA, CA) Release Date: 26. April 2004 (UK) Re-Release Date:<\/p>\n","protected":false},"author":2,"featured_media":0,"parent":27551,"menu_order":0,"comment_status":"closed","ping_status":"closed","template":"","meta":{"colormag_page_container_layout":"default_layout","colormag_page_sidebar_layout":"default_layout","footnotes":""},"coauthors":[2262],"class_list":["post-31135","page","type-page","status-publish","hentry"],"_links":{"self":[{"href":"https:\/\/crashdown.com\/news\/wp-json\/wp\/v2\/pages\/31135","targetHints":{"allow":["GET"]}}],"collection":[{"href":"https:\/\/crashdown.com\/news\/wp-json\/wp\/v2\/pages"}],"about":[{"href":"https:\/\/crashdown.com\/news\/wp-json\/wp\/v2\/types\/page"}],"author":[{"embeddable":true,"href":"https:\/\/crashdown.com\/news\/wp-json\/wp\/v2\/users\/2"}],"replies":[{"embeddable":true,"href":"https:\/\/crashdown.com\/news\/wp-json\/wp\/v2\/comments?post=31135"}],"version-history":[{"count":44,"href":"https:\/\/crashdown.com\/news\/wp-json\/wp\/v2\/pages\/31135\/revisions"}],"predecessor-version":[{"id":40866,"href":"https:\/\/crashdown.com\/news\/wp-json\/wp\/v2\/pages\/31135\/revisions\/40866"}],"up":[{"embeddable":true,"href":"https:\/\/crashdown.com\/news\/wp-json\/wp\/v2\/pages\/27551"}],"wp:attachment":[{"href":"https:\/\/crashdown.com\/news\/wp-json\/wp\/v2\/media?parent=31135"}],"wp:term":[{"taxonomy":"author","embeddable":true,"href":"https:\/\/crashdown.com\/news\/wp-json\/wp\/v2\/coauthors?post=31135"}],"curies":[{"name":"wp","href":"https:\/\/api.w.org\/{rel}","templated":true}]}}