{"id":37156,"date":"2017-09-30T07:01:01","date_gmt":"2017-09-30T11:01:01","guid":{"rendered":"http:\/\/crashdown.com\/news\/?page_id=37156"},"modified":"2020-04-27T15:52:06","modified_gmt":"2020-04-27T19:52:06","slug":"where-to-watch","status":"publish","type":"page","link":"https:\/\/crashdown.com\/news\/show\/where-to-watch\/","title":{"rendered":"Where To Watch"},"content":{"rendered":"<p><small>Written by Lena and Sarah<\/small><\/p>\n<p><img decoding=\"async\" class=\"alignright\" src=\"..\/..\/..\/..\/images\/news\/2013\/09\/hulu-screenshot-thumb.png\" \/>Are you going to re-watch \u201cRoswell\u201d or are you watching the show for the very first time? We are looking forward to your comments and tweets during your <a href=\"https:\/\/twitter.com\/search?q=roswellrealtimerewatch\" target=\"_blank\" rel=\"noopener noreferrer\">#RoswellRewatch<\/a>! Maybe you are doing a <a href=\"https:\/\/twitter.com\/hashtag\/RoswellRealTimeRewatch\" target=\"_blank\" rel=\"noopener noreferrer\">#RoswellRealtimeRewatch<\/a>? Be sure to tag us <a href=\"https:\/\/twitter.com\/crashdowncom\" target=\"_blank\" rel=\"noopener noreferrer\">@crashdowncom<\/a> and check out the unique hashtags for each episode <a href=\"https:\/\/crashdown.com\/news\/episodes\/hashtags\/\">here<\/a>.<\/p>\n<p>Please make sure to tweet us <a href=\"https:\/\/twitter.com\/crashdowncom\" target=\"_blank\" rel=\"noopener noreferrer\">@crashdowncom<\/a> &amp; <a href=\"https:\/\/twitter.com\/theGranilith\" target=\"_blank\" rel=\"noopener noreferrer\">@theGranilith<\/a>!<\/p>\n<p>If you don&#8217;t own the Roswell DVD Box Sets, there are plenty options to watch the show online.<\/p>\n<p>Streaming platforms grant an easy and fast access to your favorite show without changing discs. <a href=\"http:\/\/www.hulu.com\" target=\"_blank\" rel=\"noopener noreferrer\">Hulu<\/a>, <a href=\"http:\/\/www.netflix.com\" target=\"_blank\" rel=\"noopener noreferrer\">Netflix<\/a> and <a href=\"http:\/\/www.amazon.com\" target=\"_blank\" rel=\"noopener noreferrer\">Amazon Prime<\/a> are the most well known platforms. In addition, you can buy the episodes digital via <a href=\"https:\/\/itunes.apple.com\/us\/tv-season\/roswell-season-1\/id265678378\" target=\"_blank\" rel=\"noopener noreferrer\">iTunes<\/a> or <a href=\"https:\/\/www.amazon.com\/Pilot\/dp\/B000VEMM3S\/\" target=\"_blank\" rel=\"noopener noreferrer\">Amazon<\/a>, too.<\/p>\n<p>If you have an <strong>Amazon Prime<\/strong> account, the episodes are available for streaming for free from time to time. Make sure to check that option!<\/p>\n<p>The streaming service <strong>Hulu<\/strong> is available in the United States, Canada, Mexico, South America, United Kingdom, Ireland and the Netherlands. Due to expiring licences, Roswell will be removed from time to time. Unfortunately, <strong>Netflix US<\/strong> did not renew the show and so it happened that Roswell expired on April 1st, 2017 along with other fan favorites. (Read more: <a href=\"https:\/\/crashdown.com\/news\/2017\/03\/april-fools-joke-will-roswell-leave-netflix\/\" target=\"_blank\" rel=\"noopener noreferrer\">1<\/a> | <a href=\"https:\/\/crashdown.com\/news\/2017\/03\/netflix-confirms-not-an-april-fools-joke\/\" target=\"_blank\" rel=\"noopener noreferrer\">2<\/a> | <a href=\"https:\/\/crashdown.com\/news\/2017\/04\/thanks-netflix-for-roswell-now-fill-the-void-with-bt\/\" target=\"_blank\" rel=\"noopener noreferrer\">3<\/a>)<\/p>\n<p>If you have a Roku Streaming Stick, we recommend to check out the sci-fi channel DUSTx. Thanks to Erin for letting us know, that you can watch \u201cRoswell\u201d for free on DUST. (<a href=\"https:\/\/crashdown.com\/news\/2018\/12\/watch-roswell-on-dustx\/\">Read more<\/a>)<\/p>\n<p>On February 5, 2020 The Hollywood Reporter added an article about IMDB TV and 20 shows coming to this Amazon-owned platform. Roswell, Lost, My So-Called Life, Revenge and more great shows will be available to stream for free. IMDb TV is an ad-supported free-to-stream platform.<\/p>\n<p>If you are a <strong>Netflix<\/strong> subscriber from Canada, Denmark, Finland, Norway or Sweden you can still enjoy the show via this platform.*<\/p>\n<p>In <strong>Germany<\/strong>, Roswell has <em>never been<\/em> available for streaming and due to the music rights it&#8217;s possible that it won&#8217;t ever be a show to stream. On a positive note, fans are lucky to have the original music on the German audio track of the shows DVD&#8217;s. (The original English version still has the replaced DVD and streaming music on it.) However, Roswell fans can check <a href=\"https:\/\/www.werstreamt.es\/serie\/details\/232500\/roswell\/\" target=\"_blank\" rel=\"noopener noreferrer\">www.werstreamt.es<\/a> for a listing of VOD services that could possibly add the show in the future.<\/p>\n<p><a href=\"http:\/\/boxplus.com\" target=\"_blank\" rel=\"noopener noreferrer\">Channel 4music<\/a> from the <strong>United Kingdom<\/strong> started airing \u201cRoswell\u201d in spring 2018.<\/p>\n<p>Shereen had a good suggestion, where to watch Roswell as well. She suggests to check out your local library and borrow the seasons for your re-watch.<\/p>\n<p><strong>And one final suggestion courtesy of Sarah and Lena:<\/strong> invite your friends over and make a party of your <a href=\"https:\/\/twitter.com\/search?q=roswellrealtimerewatch\" target=\"_blank\" rel=\"noopener noreferrer\">#RoswellRealtimeRewatch<\/a>! Or, step out from behind the tree and invite that special someone!<\/p>\n<h3>DVD<\/h3>\n<p><strong>Canada (Region 1 DVD):<\/strong><br \/>\n<a href=\"https:\/\/www.amazon.ca\/Roswell-Season-1\/dp\/B0037X40OO\/\" target=\"_blank\" rel=\"noopener noreferrer\">Season 1<\/a> | <a href=\"https:\/\/www.amazon.ca\/Roswell-Season-2\/dp\/B0037X40OY\/\" target=\"_blank\" rel=\"noopener noreferrer\">Season 2<\/a> | <a href=\"https:\/\/www.amazon.ca\/Roswell-Season-3\/dp\/B0037X40PI\/\" target=\"_blank\" rel=\"noopener noreferrer\">Season 3<\/a><\/p>\n<p><strong>France (Region 2 DVD):<\/strong><br \/>\n<a href=\"https:\/\/www.amazon.fr\/Roswell-Lint\u00e9grale-s\u00e9rie-Saisons-\u00e0\/dp\/B00DUGPYZ2\/\" target=\"_blank\" rel=\"noopener noreferrer\">L&#8217;int\u00e9grale de la s\u00e9rie : Saisons 1 \u00e0 3<\/a> | <a href=\"https:\/\/www.amazon.fr\/Roswell-Int\u00e9grale-Saison-Coffret-DVD\/dp\/B0001EQL94\/\" target=\"_blank\" rel=\"noopener noreferrer\">Int\u00e9grale Saison 1<\/a> |\u00a0 <a href=\"https:\/\/www.amazon.fr\/Roswell-Int\u00e9grale-Saison-Coffret-DVD\/dp\/B0002B5DIG\/\" target=\"_blank\" rel=\"noopener noreferrer\">Int\u00e9grale Saison 2<\/a> | <a href=\"https:\/\/www.amazon.fr\/Roswell-Int\u00e9grale-Saison-Coffret-DVD\/dp\/B0002VLBTG\/\" target=\"_blank\" rel=\"noopener noreferrer\">Int\u00e9grale Saison 3<\/a><\/p>\n<p><strong>Germany (Region 2 DVD):<\/strong><br \/>\n<a href=\"https:\/\/www.amazon.de\/Roswell-Die-komplette-Serie-DVDs\/dp\/B000V2SGHG\/\" target=\"_blank\" rel=\"noopener noreferrer\">Die komplette Serie<\/a> |\u00a0 <a href=\"https:\/\/www.amazon.de\/Roswell-komplette-erste-Staffel-DVDs\/dp\/B000E8RB0K\" target=\"_blank\" rel=\"noopener noreferrer\">1. Staffel<\/a> | <a href=\"https:\/\/www.amazon.de\/Roswell-Die-komplette-zweite-Staffel\/dp\/B000EMSGKA\/\" target=\"_blank\" rel=\"noopener noreferrer\">2. Staffel<\/a> | <a href=\"https:\/\/www.amazon.de\/Roswell-komplette-dritte-Staffel-DVDs\/dp\/B000EMSGJQ\/\" target=\"_blank\" rel=\"noopener noreferrer\">3. Staffel<\/a><\/p>\n<p><strong>USA (Region 1 DVD):<\/strong><br \/>\n<a href=\"https:\/\/www.amazon.com\/Roswell-Seasons-1-3-Shiri-Appleby\/dp\/B000JJ6K0Q\/\" target=\"_blank\" rel=\"noopener noreferrer\">Roswell Seasons 1-3<\/a> | <a href=\"https:\/\/www.amazon.com\/Roswell-Season-1-Jason-Behr\/dp\/B00133QNRW\/\" target=\"_blank\" rel=\"noopener noreferrer\">Season 1<\/a> | <a href=\"https:\/\/www.amazon.com\/Roswell-Season-2-Jason-Behr\/dp\/B00133QNS6\/\" target=\"_blank\" rel=\"noopener noreferrer\">Season 2<\/a> | <a href=\"https:\/\/www.amazon.com\/Roswell-Season-3-Jason-Behr\/dp\/B00133QNSG\/\" target=\"_blank\" rel=\"noopener noreferrer\">Season 3<\/a><\/p>\n<hr \/>\n<p>Thanks to Erin Vicki, Emmiina, Alisha, Suzy, Sofie, Frank, Joanna, Barbara, Sheila, Heather, Nina, Shanna, Shereen, Kat, Michelle, Christa, Shereen, Debby, Nomi and Lizeth.<\/p>\n<p>Please write us, if you can add some further information from all over the world!<\/p>\n<p>*Please let us know, if this info is still up to date!<\/p>\n<p>Last updated: February, 2020<\/p>\n","protected":false},"excerpt":{"rendered":"<p>Written by Lena and Sarah Are you going to re-watch \u201cRoswell\u201d or are you watching the show for the very<\/p>\n","protected":false},"author":2,"featured_media":0,"parent":27551,"menu_order":0,"comment_status":"closed","ping_status":"closed","template":"","meta":{"colormag_page_container_layout":"default_layout","colormag_page_sidebar_layout":"default_layout","footnotes":""},"coauthors":[2262],"class_list":["post-37156","page","type-page","status-publish","hentry"],"_links":{"self":[{"href":"https:\/\/crashdown.com\/news\/wp-json\/wp\/v2\/pages\/37156","targetHints":{"allow":["GET"]}}],"collection":[{"href":"https:\/\/crashdown.com\/news\/wp-json\/wp\/v2\/pages"}],"about":[{"href":"https:\/\/crashdown.com\/news\/wp-json\/wp\/v2\/types\/page"}],"author":[{"embeddable":true,"href":"https:\/\/crashdown.com\/news\/wp-json\/wp\/v2\/users\/2"}],"replies":[{"embeddable":true,"href":"https:\/\/crashdown.com\/news\/wp-json\/wp\/v2\/comments?post=37156"}],"version-history":[{"count":24,"href":"https:\/\/crashdown.com\/news\/wp-json\/wp\/v2\/pages\/37156\/revisions"}],"predecessor-version":[{"id":42697,"href":"https:\/\/crashdown.com\/news\/wp-json\/wp\/v2\/pages\/37156\/revisions\/42697"}],"up":[{"embeddable":true,"href":"https:\/\/crashdown.com\/news\/wp-json\/wp\/v2\/pages\/27551"}],"wp:attachment":[{"href":"https:\/\/crashdown.com\/news\/wp-json\/wp\/v2\/media?parent=37156"}],"wp:term":[{"taxonomy":"author","embeddable":true,"href":"https:\/\/crashdown.com\/news\/wp-json\/wp\/v2\/coauthors?post=37156"}],"curies":[{"name":"wp","href":"https:\/\/api.w.org\/{rel}","templated":true}]}}