{"id":45584,"date":"2021-05-27T12:45:26","date_gmt":"2021-05-27T16:45:26","guid":{"rendered":"http:\/\/crashdown.com\/news\/?page_id=45584"},"modified":"2021-05-27T12:49:18","modified_gmt":"2021-05-27T16:49:18","slug":"german","status":"publish","type":"page","link":"https:\/\/crashdown.com\/news\/baronandtoluca\/what-is-bandt\/german\/","title":{"rendered":"Was steckt hinter B+T?"},"content":{"rendered":"<h4>BARON AND TOLUCA EXPLAINED IN GERMAN<\/h4>\n<p>F\u00fcr alle Deutsch sprechenden Science-Fiction-Fans, erkl\u00e4rt Lena wer BARON and TOLUCA sind. Bitte teilt das Video oder diese Seite mit Euren Freunden und unterst\u00fctzt das Projekt.<\/p>\n<hr \/>\n<p><img loading=\"lazy\" decoding=\"async\" class=\"alignright size-large wp-image-45588\" src=\"https:\/\/crashdown.com\/news\/wp-content\/uploads\/2021\/05\/bandt_video_background_german-1024x576.jpg\" alt=\"\" width=\"487\" height=\"274\" srcset=\"https:\/\/crashdown.com\/news\/wp-content\/uploads\/2021\/05\/bandt_video_background_german-1024x576.jpg 1024w, https:\/\/crashdown.com\/news\/wp-content\/uploads\/2021\/05\/bandt_video_background_german-300x169.jpg 300w, https:\/\/crashdown.com\/news\/wp-content\/uploads\/2021\/05\/bandt_video_background_german-768x432.jpg 768w, https:\/\/crashdown.com\/news\/wp-content\/uploads\/2021\/05\/bandt_video_background_german-1536x864.jpg 1536w, https:\/\/crashdown.com\/news\/wp-content\/uploads\/2021\/05\/bandt_video_background_german.jpg 1920w\" sizes=\"auto, (max-width: 487px) 100vw, 487px\" \/><br \/>\nB+T steht f\u00fcr Baron and Toluca. Baron Guerin .. DeLuca Toluca?<\/p>\n<p>B+T ist nicht \u201eRoswell\u201d, aber es ist eine Hommage an dieses besondere Science-Fiction-Genre sowie an die eindeutige Chemie zwischen den Charakteren Michael und Maria.<\/p>\n<p>Um Brendan Fehr und Majandra Delfino zu zitieren:<\/p>\n<p>\u201eKeine Neuauflage. Kein Prequel. Aber ein spiritueller Nachfolger einer Serie, die wir alle so sehr geliebt haben. Ein neues, originelles Science-Fiction-Drama, dass die Herzen unserer Fans von damals erw\u00e4rmen und die Herzen brandneuer Fans erobern wird.\u201d<\/p>\n<p>Baron and Toluca wird uns endlich das geben, was wir so lange vermisst haben! Jedoch mit einer neuen Geschichte, neuen Abenteuern und in einer ganz neuen Serie!<\/p>\n<p>Fans k\u00f6nnen sich auf bekannte Gesichter freuen, ein paranormales Geheimnis, und als Sahneh\u00e4ubchen: Verweise auf die Original Serie \u201cRoswell\u201d. Roswell Easter eggs!<\/p>\n<p><iframe loading=\"lazy\" title=\"YouTube video player\" src=\"https:\/\/www.youtube.com\/embed\/c2fQqNqHrEw\" width=\"560\" height=\"315\" frameborder=\"0\" allowfullscreen=\"allowfullscreen\"><\/iframe><\/p>\n<p>Die Idee hinter B+T ist einzigartig und die Serie ist nicht nur etwas f\u00fcr die Fans, die Roswell im Teenageralter oder fr\u00fchen Erwachsenenalter gerne geschaut haben. Von Humor bis Science-Fiction ist f\u00fcr jeden etwas dabei.<\/p>\n<p>Einen Einblick geben zwei gro\u00dfartige Promos. Gebe \u2018B plus T Intro Trailer Combo\u2019 bei YouTube in das Suchfeld ein und die beiden Schauspieler geben noch weitere Details \u00fcber das Projekt preis.<\/p>\n<p>Schau Dir f\u00fcr einen kleinen Vorgeschmack die beiden Clips an, die eigentlich schon in die Kategorie Kurzfilme geh\u00f6ren, und bitte helfe B+T noch bekannter zu machen.<\/p>\n<p>Alle wichtigen weiterf\u00fchrenden Links sind in der Infobox unter diesem Video zu finden.<\/p>\n<p>Wenn Du wissen m\u00f6chtest, was Du noch tun kannst:<\/p>\n<h4>EVERYONE HAS A ROLE<\/h4>\n<p>\u201cEveryone has a role.\u201d Jeder hat eine Rolle. Jeder kann helfen.<\/p>\n<p>Besuche <a href=\"http:\/\/www.indiegogo.com\/projects\/baron-and-toluca\" target=\"_blank\" rel=\"noopener\">www.indiegogo.com\/projects\/baron-and-toluca<\/a>. Kaufe einige Perks. Ja, sie versenden weltweit!<\/p>\n<p>Solltest Du noch weitere Fragen \u00fcber die Perks oder zu der Kampagne haben kannst Du Brendan Fehr anschreiben. Ja, richtig geh\u00f6rt! Brendan Fehr h\u00f6chstpers\u00f6nlich beantwortet Deine Fragen. Schreibe an <a href=\"mailto:baronDanstoluca@gmail.com\" target=\"_blank\" rel=\"noopener\">baronDanstoluca@gmail.com <\/a><\/p>\n<h4>Du hast Deine bestellten Artikel erhalten?<\/h4>\n<p>Dann mache bitte Fotos und zeige Deine neuen B+T Fanartikel mit den Hashtags #Wearandshare und #BandTmerch auf Social Media und erz\u00e4hle Deinen Freunden von der Show.<\/p>\n<p>Vergiss bitte auch nicht Brendan auf Twitter und Instagram unter @unrealfehr und Majandra unter @majandrama auf Instagram und @majandraD auf Twitter zu verlinken.<\/p>\n<p>Bitte unterst\u00fctze die Kampagne!<\/p>\n<p>Alle Einnahmen gehen in die Finanzierung der Pilotfolge\u2026 und vielleicht auch in weitere Episoden!<\/p>\n<p>F\u00fcr Neuigkeiten und Updates rund um das Projekt, besuche bitte die offizielle Website unter www.baronandtoluca.com und @baronandtoluca auf Twitter und Instagram.<\/p>\n<p>Let\u2019s do this! Auf geht\u2019s!<\/p>\n<blockquote><p>INDIEGOGO<br \/>\nCampaign: <a href=\"https:\/\/www.indiegogo.com\/projects\/baron-and-toluca\" target=\"_blank\" rel=\"noopener\">https:\/\/www.indiegogo.com\/projects\/baron-and-toluca<\/a><br \/>\nHashtags: #BandT #BandTogether #EveryoneHasARole #BaronAndToluca<\/p>\n<p>B+T<br \/>\nWebsite: <a href=\"http:\/\/www.baronandtoluca.com\/\" target=\"_blank\" rel=\"noopener\">http:\/\/www.baronandtoluca.com\/<\/a><br \/>\nTwitter: <a href=\"http:\/\/www.twitter.com\/BaronAndToluca\" target=\"_blank\" rel=\"noopener\">http:\/\/www.twitter.com\/BaronAndToluca<\/a><br \/>\nFacebook: <a href=\"http:\/\/www.facebook.com\/BaronToluca\/\" target=\"_blank\" rel=\"noopener\">http:\/\/www.facebook.com\/BaronToluca\/<\/a><br \/>\nInstagram: <a href=\"http:\/\/www.instagram.com\/baronandtoluca\/\" target=\"_blank\" rel=\"noopener\">http:\/\/www.instagram.com\/baronandtoluca\/<\/a><\/p>\n<p>MAJANDRA &amp; BRENDAN ON SOCIAL MEDIA<br \/>\n<a href=\"http:\/\/www.twitter.com\/MajandraD\" target=\"_blank\" rel=\"noopener\">http:\/\/www.twitter.com\/MajandraD<\/a><br \/>\n<a href=\"http:\/\/www.instagram.com\/majandrama\/\" target=\"_blank\" rel=\"noopener\">http:\/\/www.instagram.com\/majandrama\/<\/a><br \/>\n<a href=\"http:\/\/www.twitter.com\/unrealfehr\" target=\"_blank\" rel=\"noopener\">http:\/\/www.twitter.com\/unrealfehr<\/a><br \/>\n<a href=\"http:\/\/www.instagram.com\/unrealfehr\/\" target=\"_blank\" rel=\"noopener\">http:\/\/www.instagram.com\/unrealfehr\/<\/a><br \/>\n<a href=\"https:\/\/www.facebook.com\/brendanfehrofficial\" target=\"_blank\" rel=\"noopener\">https:\/\/www.facebook.com\/brendanfehrofficial<\/a><\/p>\n<p>BandTfans<br \/>\nTwitter: <a href=\"http:\/\/www.twitter.com\/bandtfans\" target=\"_blank\" rel=\"noopener\"> http:\/\/www.twitter.com\/bandtfans<\/a><br \/>\nTiktok: <a href=\"https:\/\/www.tiktok.com\/@bandtfans\" target=\"_blank\" rel=\"noopener\">https:\/\/www.tiktok.com\/@bandtfans<\/a><br \/>\nFacebook Page: <a href=\"https:\/\/www.facebook.com\/BandTfans\" target=\"_blank\" rel=\"noopener\">https:\/\/www.facebook.com\/BandTfans<\/a><br \/>\nFacebook Group: <a href=\"https:\/\/www.facebook.com\/groups\/681149428990800\" target=\"_blank\" rel=\"noopener\">https:\/\/www.facebook.com\/groups\/681149428990800<\/a><br \/>\nInstagram: <a href=\"http:\/\/www.instagram.com\/bandtfans\/\" target=\"_blank\" rel=\"noopener\">http:\/\/www.instagram.com\/bandtfans\/<\/a><\/p>\n<p>Run by: Nomi &amp; Lena<br \/>\n<a href=\"https:\/\/twitter.com\/roswellback\" target=\"_blank\" rel=\"noopener\">https:\/\/twitter.com\/roswellback<\/a><br \/>\n<a href=\"https:\/\/twitter.com\/crashdowncom\" target=\"_blank\" rel=\"noopener\">https:\/\/twitter.com\/crashdowncom<\/a><\/p><\/blockquote>\n","protected":false},"excerpt":{"rendered":"<p>BARON AND TOLUCA EXPLAINED IN GERMAN F\u00fcr alle Deutsch sprechenden Science-Fiction-Fans, erkl\u00e4rt Lena wer BARON and TOLUCA sind. Bitte teilt<\/p>\n","protected":false},"author":2,"featured_media":0,"parent":45538,"menu_order":0,"comment_status":"closed","ping_status":"closed","template":"","meta":{"colormag_page_container_layout":"default_layout","colormag_page_sidebar_layout":"default_layout","footnotes":""},"coauthors":[2262],"class_list":["post-45584","page","type-page","status-publish","hentry"],"_links":{"self":[{"href":"https:\/\/crashdown.com\/news\/wp-json\/wp\/v2\/pages\/45584","targetHints":{"allow":["GET"]}}],"collection":[{"href":"https:\/\/crashdown.com\/news\/wp-json\/wp\/v2\/pages"}],"about":[{"href":"https:\/\/crashdown.com\/news\/wp-json\/wp\/v2\/types\/page"}],"author":[{"embeddable":true,"href":"https:\/\/crashdown.com\/news\/wp-json\/wp\/v2\/users\/2"}],"replies":[{"embeddable":true,"href":"https:\/\/crashdown.com\/news\/wp-json\/wp\/v2\/comments?post=45584"}],"version-history":[{"count":7,"href":"https:\/\/crashdown.com\/news\/wp-json\/wp\/v2\/pages\/45584\/revisions"}],"predecessor-version":[{"id":45592,"href":"https:\/\/crashdown.com\/news\/wp-json\/wp\/v2\/pages\/45584\/revisions\/45592"}],"up":[{"embeddable":true,"href":"https:\/\/crashdown.com\/news\/wp-json\/wp\/v2\/pages\/45538"}],"wp:attachment":[{"href":"https:\/\/crashdown.com\/news\/wp-json\/wp\/v2\/media?parent=45584"}],"wp:term":[{"taxonomy":"author","embeddable":true,"href":"https:\/\/crashdown.com\/news\/wp-json\/wp\/v2\/coauthors?post=45584"}],"curies":[{"name":"wp","href":"https:\/\/api.w.org\/{rel}","templated":true}]}}