{"id":46857,"date":"2023-09-08T03:49:23","date_gmt":"2023-09-08T07:49:23","guid":{"rendered":"http:\/\/crashdown.com\/news\/?page_id=46857"},"modified":"2023-09-08T10:55:12","modified_gmt":"2023-09-08T14:55:12","slug":"german-books","status":"publish","type":"page","link":"https:\/\/crashdown.com\/news\/books\/foreign-languages\/german-books\/","title":{"rendered":"Roswell High \u2013 German Books"},"content":{"rendered":"<p><small>Added by Lena <\/small><\/p>\n<p>The full Roswell High books series written by Melinda Metz was released on January 1, 2001 in Germany by Egmont VGS. All ten books were available solely as a hardback and were sold for 19,90 DM (10,50 EUR).<\/p>\n<p> The cover artwork is very similar to the original language series. The books were published as ProSieben Edition since that\u2019s the tv station that aired the show in Germany.<\/p>\n<p>Check out the book covers below as well as a translation of the German book titles. There\u2019s also a description from the back of the book as well as the first and last sentence.<\/p>\n<p>Those are all in German.<\/p>\n<hr>\n<p><a href=\"#dergeheimnisvolleausserirdische\">#01 \u2013 THE OUTSIDER: DER GEHEIMNISVOLLE AUSSERIRDISCHE<\/a><br \/>\nTranslation: The mysterious extraterestrial<\/p>\n<p><a href=\"#moerderischerflirt\">#02 \u2013 THE WILD ONE: M\u00d6RDERISCHER FLIRT<\/a><br \/>\nTranslation: Murderous flirt<\/p>\n<p><a href=\"#unheilvolleliebe\">#03 \u2013 THE SEEKER: UNHEILVOLLE LIEBE<\/a><br \/>\nTranslation: Fateful love<\/p>\n<p><a href=\"#aufimmerundewig\">#04 \u2013 THE WATCHER: AUF IMMER UND EWIG<\/a><br \/>\nTranslation: Ever after<\/p>\n<p><a href=\"#imreichdergedanken\">#05 \u2013 THE INTRUDER: IM REICH DER GEDANKEN<\/a><br \/>\nTranslation: In the realm of minds<\/p>\n<p><a href=\"#derblindepassagier\">#06 \u2013 THE STOWAWAY: DER BLINDE PASSAGIER<\/a><br \/>\nTranslation: The Stowaway<\/p>\n<p><a href=\"#unterfremdensternen\">#07 \u2013 THE VANISHED: UNTER FREMDEN STERNEN<\/a><br \/>\nTranslation: Under foreign stars<\/p>\n<p><a href=\"#liebeingefahr\">#08 \u2013 THE REBEL: LIEBE IN GEFAHR<\/a><br \/>\nTranslation: Love in danger<\/p>\n<p><a href=\"#derdrittesteindermitternacht\">#09 \u2013 THE DARK ONE: DER DRITTE STEIN DER MITTERNACHT<\/a><br \/>\nTranslation: The third stone of midnight<\/p>\n<p><a href=\"#einneueranfang\">#10 \u2013 THE SALVATION: EIN NEUER ANFANG<\/a><br \/>\nTranslation: A new beginning<\/p>\n<hr \/>\n<h4 id=\"dergeheimnisvolleausserirdische\">#01 \u2013 THE OUTSIDER: DER GEHEIMNISVOLLE AUSSERIRDISCHE<\/h4>\n<p><img decoding=\"async\" src=\"..\/..\/..\/..\/images\/show\/books\/ger\/01.png\" width=\"200px\" class=\"alignleft\"><\/p>\n<p><strong>Titel der amerikanischen Originalausgabe:<\/strong> The Outsider<br \/>\n<strong>Erscheinungstermin:<\/strong> 1. Januar 2001<\/p>\n<p><strong>Buchbeschreibung:<\/strong> Seit vielen Jahren sind sie nun schon Freunde, die h\u00fcbsche Liz Ortecho und der schweigsame Max Evans. Doch an dem Tag, als Liz bei einer Schie\u00dferei im Caf\u00e9 ihres Vaters lebensgef\u00e4hrlich verletzt wird und Max durch blo\u00dfes Handauflegen ihre Wunde heilt, wird ihr klar, dass mit ihrem Freund irgendetwas nicht stimmt.<br \/>\nAls sie schlie\u00dflich die Wahrheit \u00fcber Max, dessen Schwester Isabel und Michael, einen gemeinsamen Freund, erf\u00e4hrt, scheint ihr ganzes Leben aus den Fugen zu geraten. Allein das Wissen um dieses Geheimnis bringt sie in Gefahr, denn eine Gruppe von Menschen hat es sich zur Aufgabe gemacht, die Wahrheit ans Licht zu bringen, und dazu ist ihnen fast jedes Mittel recht.<\/p>\n<p><strong>Erster Satz:<\/strong> \u00bbEinen &gt;Sigourny* Weaver&gt; und einen &gt;Will Smith&lt;.\u00ab<br \/>\n<strong>Letzter Satz:<\/strong> Sie und Max waren dazu bestimmt, hier und jetzt zusammen zu sein &#8211; und sie w\u00fcrde einen Weg finden, es ihm zu beweisen, egal, was auch passierte.<\/p>\n<p>&nbsp;<\/p>\n<p>*Yes, they made a typo in the first sentence. It&#8217;s Sigourney.<\/p>\n<hr \/>\n<h4 id=\"moerderischerflirt\">#02 \u2013 THE WILD ONE: M\u00d6RDERISCHER FLIRT<\/h4>\n<p><img decoding=\"async\" src=\"..\/..\/..\/..\/images\/show\/books\/ger\/02.png\" width=\"200px\" class=\"alignleft\"><\/p>\n<p><strong>Titel der amerikanischen Originalausgabe:<\/strong> The Wild One<br \/>\n<strong>Erscheinungstermin:<\/strong> 1. Januar 2001<\/p>\n<p><strong>Buchbeschreibung:<\/strong> Verwegen, respektlos und gut aussehend, wird Nikolas, \u201cthe new guy in town\u201d, bald zum Schwarm aller M\u00e4dchen an der Ulysses F. Olsen High. Auch Isabel hat eine Schw\u00e4che f\u00fcr ihn, und so l\u00e4sst sie sich nur allzu bereitwillig auf eine Wetter mit ihrer Erzfeindin Stacey ein, wer ihn sich als Erstes angelt.<br \/>\nWas jedoch als harmlose Wette begann, entwickelt sich bald zu einem gef\u00e4hrlichen Spiel. Beeindruckt von Nikolas&#8217; draufg\u00e4ngerischen Art, l\u00e4sst sich Isabel zu waghalsigen Abenteuern verleiten. In dem Glauben, dass sie nichts und niemanden zu f\u00fcrchten haben, schrecken die beiden nicht einmal vor dem Risiko zur\u00fcck, dass Sheriff Valenti die Wahrheit \u00fcber sie herausfinden k\u00f6nnte. Doch wer sich in Gefahr begibt&#8230;<\/p>\n<p><strong>Erster Satz:<\/strong> \u00bbGebt mir ein U!\u00ab<br \/>\n<strong>Letzter Satz:<\/strong> Ich bin auch nicht aus der Gegend hier.\u00ab<\/p>\n<hr \/>\n<h4 id=\"unheilvolleliebe\">#03 \u2013 THE SEEKER: UNHEILVOLLE LIEBE<\/h4>\n<p><img decoding=\"async\" src=\"..\/..\/..\/..\/images\/show\/books\/ger\/03.png\" width=\"200px\" class=\"alignleft\"><br \/>\n<strong>Titel der amerikanischen Originalausgabe:<\/strong> The Seeker<br \/>\n<strong>Erscheinungstermin:<\/strong> 1. Januar 2001 1. Mai 2001<\/p>\n<p><strong>Buchbeschreibung:<\/strong> Durch Zufall gelangt Maria in den Besitz eines Ringes, der F\u00e4higkeiten in ihr freizusetzen scheint, von denen sie vorher nur tr\u00e4umen konnte. Pl\u00f6tzlich verf\u00fcgt sie \u00fcber Talente, die auch das Interesse ihrer gro\u00dfen Liebe Michael wecken.<br \/>\nZun\u00e4chst betrachtet sie das als Chance, ihm n\u00e4her zu kommen und ihn davon zu \u00fcberzeugen, dass sie nicht nur das kleine \u201enormale\u201c M\u00e4dchen ist, das allenfalls seinen Besch\u00fctzerinstinkt zu wecken vermag.<br \/>\nMichael f\u00fchlt sich verloren und sucht verzweifelt nach Halt. Als er schon fast die Hoffnung aufgegeben hat, in Roswell die wahre Liebe zu finden, verguckt er sich ausgerechnet in seine beste Freundin!<br \/>\nDoch beiden bleibt zun\u00e4chst verborgen, dass Maria nicht nur sich selbst, sondern auch Michael und die ganze Stadt in t\u00f6dliche Gefahr bringt. Als sie sich schlie\u00dflich der drohenden Katastrophe bewusst werden, ist es schon fast zu sp\u00e4t &#8230;<\/p>\n<p><strong>Erster Satz:<\/strong> \u00bbHmm &#8230; Das hier k\u00f6nnte ich anziehen, zusammen mit den halterlosen Seidenstr\u00fcmpfen, die ich nie anziehe\u00ab, sagte Maria DeLuca leiste zu sich selbst und hielt sich das lindgr\u00fcne Kleid an.<br \/>\n<strong>Letzter Satz:<\/strong> \u00bbMax?\u00bb, schrie sie. \u00bbMax!\u00ab<\/p>\n<hr \/>\n<h4 id=\"aufimmerundewig\">#04 \u2013 THE WATCHER: AUF IMMER UND EWIG<\/h4>\n<p><img decoding=\"async\" src=\"..\/..\/..\/..\/images\/show\/books\/ger\/04.png\" width=\"200px\" class=\"alignleft\"><br \/>\n<strong>Titel der amerikanischen Originalausgabe:<\/strong> The Watcher<br \/>\n<strong>Erscheinungstermin:<\/strong> 1. Mai 2001<\/p>\n<p><strong>Buchbeschreibung:<\/strong> Seit Jahren suchen Max, Michael und Isabel nun schon vergeblich nach dem Raumschiff ihrer Eltern, das irgendwo in der W\u00fcste vor Roswell versteckt ist. Jetzt erh\u00e4lt ihre Suche pl\u00f6tzlich neue Dringlichkeit: Max ist in dem Alter, in dem alle Aliens seines Planeten Kontakt zum kollektiven Bewusstsein aufnehmen m\u00fcssen. Gelingt dies nicht, sind sie dem Tod geweiht. Und nur die Kristalle, die im Raumschiff zur\u00fcckgeblieben sind, k\u00f6nnen Max helfen, den Kontakt von der Erde aus herzustellen.<br \/>\nDa er die Sache f\u00fcr aussichtslos h\u00e4lt, verschweigt Max seinen Freunden, wie es um ihn steht, und verschenkt so kostbare Zeit. Als es Liz schlie\u00dflich gelingt, ihm sein schreckliches Geheimnis zu entlocken, beginnt ein nervenaufreibender Wettlauf mit der Zeit. Michael und Isabel begeben sich in gef\u00e4hrliche N\u00e4he zu Sheriff Valenti, da nur er sie zu dem Raumschiff f\u00fchren kann \u2013 und tappen in eine Falle.<\/p>\n<p><strong>Erster Satz:<\/strong> Max Evans betrachtete sich im Badezimmerspiegel.<br \/>\n<strong>Letzter Satz:<\/strong> \u00bbValenti hat n\u00e4mlich Michael.\u00bb<\/p>\n<hr \/>\n<h4 id=\"imreichdergedanken\">#05 \u2013 THE INTRUDER: IM REICH DER GEDANKEN<\/h4>\n<p><img decoding=\"async\" src=\"..\/..\/..\/..\/images\/show\/books\/ger\/05.png\" width=\"200px\" class=\"alignleft\"><br \/>\n<strong>Titel der amerikanischen Originalausgabe:<\/strong> The Intruder<br \/>\n<strong>Erscheinungstermin:<\/strong> 1. Januar 2001<\/p>\n<p><strong>Buchbeschreibung:<\/strong> Michael ist Sheriff Valenti in die H\u00e4nde gefallen und wird von ihm in einem unterirdischen Bunker gefangen gehalten. Doch er hat weniger Angst um sich als um seine Freunde.<br \/>\nAuf keinen Fall darf er deren Namen preisgeben, denn genau darauf hat es der Sheriff abgesehen. Michael ist st\u00e4ndig auf der Hut, doch Valenti h\u00e4lt jede Menge \u00dcberraschungen f\u00fcr ihn bereit.<br \/>\nF\u00fcr Isabel war Michael schon immer wie ein Bruder. Aber nun entdeckt sie, dass sie noch mehr f\u00fcr ihn empfindet. Sind sie vielleicht f\u00fcreinander bestimmt? Aber was wird dann aus Alex? Und wie soll sie das Maria beibringen? Oder ist es f\u00fcr ihre Liebe ohnehin schon zu sp\u00e4t? Ein abenteuerlicher Wettlauf mit der Zeit beginnt.<\/p>\n<p><strong>Erster Satz:<\/strong> \u00bbBitte, Max!\u00bb, fehlte eine Stimme.<br \/>\n<strong>Letzter Satz:<\/strong> Da kam Adam.<\/p>\n<hr \/>\n<h4 id=\"derblindepassagier\">#06 \u2013 THE STOWAWAY: DER BLINDE PASSAGIERR<\/h4>\n<p><img decoding=\"async\" src=\"..\/..\/..\/..\/images\/show\/books\/ger\/06.png\" width=\"200px\" class=\"alignleft\"><\/p>\n<p><strong>Titel der amerikanischen Originalausgabe:<\/strong> The Stowaway<br \/>\n<strong>Erscheinungstermin:<\/strong> 1. Januar 2001<\/p>\n<p><strong>Buchbeschreibung:<\/strong> Nachdem Michaels Befreiung aus dem Gef\u00e4ngnis gelungen ist, sind er und seine Freunde endlich wieder gl\u00fccklich vereint. Doch schon bald kommt es zu hitzigen Diskussionen zwischen ihnen. Stellt der Au\u00dferirdische Adam, der ihren Erzfeind Valenti umgebracht hat, wom\u00f6glich auch f\u00fcr sie eine t\u00f6dliche Gefahr dar? Oder wird er von einer b\u00f6sen Kraft kontrolliert, die es zu bek\u00e4mpfen gilt?<br \/>\nGerade jetzt, wo alle zusammenhalten m\u00fcssen, ger\u00e4t Michaels Gef\u00fchlsleben in heftige Aufruhr. Nicht nur Maria f\u00fchlt sich zu ihm hingezogen, sondern auch Isabel, in der er eigentlich immer eine Schwester gesehen hat. Er wiederum hat sich in Cameron verliebt, der er im Gef\u00e4ngnis begegnet ist. Doch die geheimnisvolle Ausrei\u00dferin verschweigt ihm eine grausame Wahrheit &#8230;<\/p>\n<p><strong>Erster Satz:<\/strong> \u00bbEr h\u00e4tte uns beinahe umgebracht!<br \/>\n<strong>Letzter Satz:<\/strong> \u00bbWir haben Alex durch das Wurmloch geschickt &#8230;\u00bb, sagte Max schleppend.<\/p>\n<hr \/>\n<h4 id=\"unterfremdensternen\">#07 \u2013 THE VANISHED: UNTER FREMDEN STERNEN<\/h4>\n<p><img decoding=\"async\" src=\"..\/..\/..\/..\/images\/show\/books\/ger\/07.png\" width=\"200px\" class=\"alignleft\"><br \/>\n<strong>Titel der amerikanischen Originalausgabe:<\/strong> The Vanished<br \/>\n<strong>Erscheinungstermin:<\/strong> 1. Januar 2001<\/p>\n<p><strong>Buchbeschreibung:<\/strong> Noch immer ist Alex auf dem Heimatplaneten der Au\u00dferirdischen gefangen. Ihn nach Hause zur\u00fcckzuholen, erfordert Mut und Entschlusskraft. W\u00e4hrend Max das kollektive Bewusstsein um Hilfe bittet, kann er mit dem Verschollenen zumindest Kontakt aufnehmen. Doch die Suche nach Alex wird von mehreren Seiten sabotiert. Der alte Feind DuPris ist nur eines der vielen Hindernisse, die \u00fcberwunden werden m\u00fcssen. Welche Rolle dabei Alex&#8217; Vater, Mr. Manes, spielt, ist zun\u00e4chst n och ungewiss. Mehr als einmal m\u00fcssen Liz, Max, Adam, Isabel, Maria und Michael ihre Kraft b\u00fcndeln, um dem Ziel n\u00e4her zu kommen. Schlie\u00dflich erhalten sie unerwartete Unterst\u00fctzung.<\/p>\n<p><strong>Erster Satz:<\/strong> Michael Guerin nahm einen frischen, intensiven Geruch wahr.<br \/>\n<strong>Letzter Satz:<\/strong> Und verschwand.<\/p>\n<hr \/>\n<h4 id=\"liebeingefahr\">#08 \u2013 THE REBEL: LIEBE IN GEFAHR<\/h4>\n<p><img decoding=\"async\" src=\"..\/..\/..\/..\/images\/show\/books\/ger\/08.png\" width=\"200px\" class=\"alignleft\"><br \/>\n<strong>Titel der amerikanischen Originalausgabe:<\/strong> The Rebel<br \/>\n<strong>Erscheinungstermin:<\/strong> 1. Januar 2001<\/p>\n<p><strong>Buchbeschreibung:<\/strong> Seitdem Max sein Akino erlebt hat, ist er nicht mehr derselbe. Die Wesen des kollektiven Bewusstseins werden zunehmend wichtiger f\u00fcr ihn. Das zu erkennen ist f\u00fcr seine Freundin Liz eine schmerzhafte Erfahrung. Doch auch Alex hat sich nach seiner R\u00fcckkehr ver\u00e4ndert. Sein pl\u00f6tzliches Auftauchen ist nicht nur ein Grund zum Feiern. Denn mit ihm ist auch die Gefahr zur\u00fcckgekehrt, und die Freunde geraten unversehens in einen Kampf um den Stein der Mitternacht.<br \/>\nDer Konflikt spitzt sich zu, als Michael seinem Bruder Trevor begegnet und die Balance der Clique zu kippen droht. Bleibt die Frage, wer tats\u00e4chlich zu Michels Familie geh\u00f6rt und wem er letzten Endes vertrauen kann.<\/p>\n<p><strong>Erster Satz:<\/strong> Max Evans strich eine d\u00fcnne Lage von dem w\u00fcrzigen Senf auf seinen AstroNut-Riegel, sorgsam darauf bedacht, auch nicht die kleinste Stelle zu \u00fcbersehen.<br \/>\n<strong>Letzter Satz:<\/strong> \u00bbUnd jetzt werdet ihr mir sagen, was ich wissen will.\u00bb<\/p>\n<hr \/>\n<h4 id=\"derdrittesteindermitternacht\">#09 \u2013 THE DARK ONE: DER DRITTE STEIN DER MITTERNACHT<\/h4>\n<p><img decoding=\"async\" src=\"..\/..\/..\/..\/images\/show\/books\/ger\/09.png\" width=\"200px\" class=\"alignleft\"><\/p>\n<p><strong>Titel der amerikanischen Originalausgabe:<\/strong> The Dark One<br \/>\n<strong>Erscheinungstermin:<\/strong> 1. Januar 2001<\/p>\n<p><strong>Buchbeschreibung:<\/strong> Isabel ist von zu Hause abgehauen, und Max ahnt, dass sie sich in t\u00f6dlicher Gefahr befindet. Er muss sie suchen und retten, doch die Zeit wird knapp &#8230;<br \/>\nAlex ist endlich auf die Erde zur\u00fcckgekehrt, aber es scheint, als h\u00e4tte er sich in einen vollkommen neuen Menschen verwandelt: Er sieht besser aus, f\u00fchlt sich topfit und ist bereit, das Leben in vollen Z\u00fcgen zu genie\u00dfen &#8211; ohne Isabel Evans. Und och ist er der Einzige, der die arme Isabel retten kann. Wird Alex seinen verletzten Stolz \u00fcberwinden und sich auf die Suche nach Isabel machen?<\/p>\n<p><strong>Erster Satz:<\/strong> \u00bbAlle an die Wand!\u00bb, befahl Kyle Valenti schroff.<br \/>\n<strong>Letzter Satz:<\/strong> \u00bbGe &#8230; fangen.\u00bb<\/p>\n<hr \/>\n<h4 id=\"#einneueranfang\">#10 \u2013 THE SALVATION: EIN NEUER ANFANG<\/h4>\n<p><img decoding=\"async\" src=\"..\/..\/..\/..\/images\/show\/books\/ger\/10.png\" width=\"200px\" class=\"alignleft\"><\/p>\n<p><strong>Titel der amerikanischen Originalausgabe:<\/strong> The Salvation<br \/>\n<strong>Erscheinungstermin:<\/strong> 1. Januar 2001<\/p>\n<p><strong>Buchbeschreibung:<\/strong> Max ist vollkommen durchgedreht. Er bel\u00fcgt seine Freunde, verleugnet seine Familie und hat sich sogar mit Liz \u00fcberworfen. Hat er den Verstand verloren oder ist Max vielleicht gar nicht Max?<br \/>\nLiz hat sich schone eine Zeit lang nicht mehr mit Max verbunden gef\u00fchlt; zumindest nicht so, wie es fr\u00fcher einmal war. Doch jetzt erkennt sie ihn kaum wieder. Ist das noch der Max, in den sie sich damals verliebt hatte? Nein, irgendein unheimliches Wesen muss von ihm Besitz ergriffen haben und Liz setzt alles in Bewegung, um ihren Freund zu retten &#8230;<\/p>\n<p><strong>Erster Satz:<\/strong> Liz Ortecho starrte in das offene Grab.<br \/>\n<strong>Letzter Satz:<\/strong> \u00bbWie k\u00f6nnte irgendeiner von uns das je vergessen?\u00bb<\/p>\n","protected":false},"excerpt":{"rendered":"<p>Added by Lena The full Roswell High books series written by Melinda Metz was released on January 1, 2001 in<\/p>\n","protected":false},"author":2,"featured_media":0,"parent":46818,"menu_order":0,"comment_status":"closed","ping_status":"closed","template":"","meta":{"colormag_page_container_layout":"default_layout","colormag_page_sidebar_layout":"default_layout","footnotes":""},"coauthors":[2262],"class_list":["post-46857","page","type-page","status-publish","hentry"],"_links":{"self":[{"href":"https:\/\/crashdown.com\/news\/wp-json\/wp\/v2\/pages\/46857","targetHints":{"allow":["GET"]}}],"collection":[{"href":"https:\/\/crashdown.com\/news\/wp-json\/wp\/v2\/pages"}],"about":[{"href":"https:\/\/crashdown.com\/news\/wp-json\/wp\/v2\/types\/page"}],"author":[{"embeddable":true,"href":"https:\/\/crashdown.com\/news\/wp-json\/wp\/v2\/users\/2"}],"replies":[{"embeddable":true,"href":"https:\/\/crashdown.com\/news\/wp-json\/wp\/v2\/comments?post=46857"}],"version-history":[{"count":15,"href":"https:\/\/crashdown.com\/news\/wp-json\/wp\/v2\/pages\/46857\/revisions"}],"predecessor-version":[{"id":46941,"href":"https:\/\/crashdown.com\/news\/wp-json\/wp\/v2\/pages\/46857\/revisions\/46941"}],"up":[{"embeddable":true,"href":"https:\/\/crashdown.com\/news\/wp-json\/wp\/v2\/pages\/46818"}],"wp:attachment":[{"href":"https:\/\/crashdown.com\/news\/wp-json\/wp\/v2\/media?parent=46857"}],"wp:term":[{"taxonomy":"author","embeddable":true,"href":"https:\/\/crashdown.com\/news\/wp-json\/wp\/v2\/coauthors?post=46857"}],"curies":[{"name":"wp","href":"https:\/\/api.w.org\/{rel}","templated":true}]}}