{"id":46866,"date":"2023-09-08T05:52:29","date_gmt":"2023-09-08T09:52:29","guid":{"rendered":"http:\/\/crashdown.com\/news\/?page_id=46866"},"modified":"2023-09-08T10:58:20","modified_gmt":"2023-09-08T14:58:20","slug":"french-books","status":"publish","type":"page","link":"https:\/\/crashdown.com\/news\/books\/foreign-languages\/french-books\/","title":{"rendered":"Roswell High \u2013 French Books"},"content":{"rendered":"<p><small>Added by Lena<\/small><\/p>\n<p>The editor Fleuve noir released the Roswell High books on the french market. The covers show the same promotional photos but use a darker background. While the German books show the book titles in the Roswell font a different font is used here. The books were released with a softcover for 4,57 EUR.<\/p>\n<p>The editor logo as well as the logo of the channel M6, which aired Roswell in France is displayed on the book cover.<\/p>\n<hr>\n<p><a href=\"#larevelation\">#01 \u2013 THE OUTSIDER: LA R\u00c9V\u00c9LATION<\/a><br \/>\nTranslation: The Revelation<\/p>\n<p><a href=\"#lintrus\">#02 \u2013 THE WILD ONE: L&#8217;INTRUS<\/a><br \/>\nTranslation: The Intruder<\/p>\n<p><a href=\"#pouvoirssecrets\">#03 \u2013 THE SEEKER: POUVOIRS SECRETS<\/a><br \/>\nTranslation: Secret Powers<\/p>\n<p><a href=\"#laprotectrice\">#04 \u2013 THE WATCHER: LA PROTECTRICE <\/a><br \/>\nTranslation: The Protector<\/p>\n<p><a href=\"#letrangere\">#05 \u2013 THE INTRUDER: L&#8217;\u00c9TRANG\u00c8RE<\/a><br \/>\nTranslation: The Stranger<\/p>\n<p><a href=\"#lepassagerclandestin\">#06 \u2013 THE STOWAWAY: LE PASSAGER CLANDESTIN<\/a><br \/>\nTranslation: The Stowaway<\/p>\n<p><a href=\"#lapierredeminuit\">#07 \u2013 THE VANISHED: LA PIERRE DE MINUIT<\/a><br \/>\nTranslation: <\/p>\n<p><a href=\"#lerebelle\">#08 \u2013 THE REBEL: LE REBELLE<\/a><br \/>\nTranslation: The Rebel<\/p>\n<p><a href=\"#lerenegat\">#09 \u2013 THE DARK ONE: Le Ren\u00e9gat<\/a><br \/>\nTranslation: The Renegade<\/p>\n<p><a href=\"#nouveaudepart\">#10 \u2013 THE SALVATION: NOUVEAU D\u00c9PART <\/a><br \/>\nTranslation: New beginning<\/p>\n<hr>\n<h4 id=\"larevelation\">#01 \u2013 THE OUTSIDER: LA R\u00c9V\u00c9LATION<\/h4>\n<p><img decoding=\"async\" src=\"..\/..\/..\/..\/images\/show\/books\/fr\/01.jpg\" width=\"150px\" class=\"alignleft\"><\/p>\n<p><strong>Date de publication :<\/strong> 7 juin 2001<\/p>\n<p><strong>Info ou intox :<\/strong> personne ne sait ce qui s&#8217;est vraiment pass\u00e9, en tout cas la parano\u00efa s&#8217;installe&#8230; Et si vous appreniez que votre meilleur ami est un extraterrestre ? C&#8217;est ce qui arrive \u00e0 Liz, le jour o\u00f9 elle re\u00e7oit une balle dans le ventre et que Max Evans lui sauve la vie. Son existence de lyc\u00e9enne bien tranquille \u00e0 Roswell va changer, d&#8217;autant que Max est plut\u00f4t s\u00e9duisant&#8230; Dor\u00e9navant, elle conna\u00eet le secret de Max, Isabel et Michael, pour le meilleur et pour le pire&#8230;<\/p>\n<hr>\n<h4 id=\"lintrus\">#02 \u2013 THE WILD ONE: L&#8217;INTRUS<\/h4>\n<p><img decoding=\"async\" src=\"..\/..\/..\/..\/images\/show\/books\/fr\/02.jpg\" width=\"150px\" class=\"alignleft\"><\/p>\n<p><strong>Date de publication :<\/strong> 7 juin 2001<\/p>\n<p><strong>Info ou intox :<\/strong> Un nouveau venu \u00e0 Roswell fait battre le c\u0153ur d&#8217;Isabel. Elle croit avoir trouv\u00e9 l&#8217;\u00e2me s\u0153ur en la personne de Nikolas, extraterrestre comme elle. Cette relation n&#8217;est pas du go\u00fbt de tous, surtout pas d&#8217;Alex, fou de jalousie. Nikolas le rebelle va entra\u00eener Isabel sur une pente dangereuse, d&#8217;autant plus que le sh\u00e9rif Valenti est sur leurs traces&#8230;<\/p>\n<hr>\n<h4 id=\"pouvoirssecrets\">#03 \u2013 THE SEEKER: Pouvoirs Secrets<\/h4>\n<p><img decoding=\"async\" src=\"..\/..\/..\/..\/images\/show\/books\/fr\/03.jpg\" width=\"150px\" class=\"alignleft\"><\/p>\n<p><strong>Date de publication :<\/strong> 7 juin 2001<\/p>\n<p><strong>Info ou intox :<\/strong> 1947, Roswell, Nouveau Mexique. Un crash myst\u00e9rieux va d\u00e9clencher un des plus grands myst\u00e8res du XXe si\u00e8cle. Info ou intox : personne ne sait ce qui s&#8217;est vraiment pass\u00e9, en tout cas la parano\u00efa s&#8217;installe&#8230; Maria a d\u00e9couvert un \u00e9trange anneau qui lui conf\u00e8re des pouvoirs psychiques. Elle n&#8217;en parle \u00e0 personne, pas m\u00eame \u00e0 Liz, sa meilleure amie, ni \u00e0 Michael, qui la trouble de plus en plus. Pendant que ses amis extraterrestres d\u00e9couvrent peu \u00e0 peu la v\u00e9rit\u00e9 sur leurs origines, Maria poursuit ses exp\u00e9riences paranormales. N&#8217;ira-t-elle pas trop loin ?<\/p>\n<hr>\n<h4 id=\"laprotectrice\">#04 \u2013 THE WATCHER: La Protectrice <\/h4>\n<p><img decoding=\"async\" src=\"..\/..\/..\/..\/images\/show\/books\/fr\/04.jpg\" width=\"150px\" class=\"alignleft\"><\/p>\n<p><strong>Date de publication :<\/strong> 27 septembre 2001<\/p>\n<p><strong>Info ou intox :<\/strong> Max a atteint l&#8217;\u00e2ge ou il doit, pour ne pas mourir, se connecter \u00e0 la conscience collective de son peuple&#8230; Un rite initiatique presque banal sur sa plan\u00e8te d&#8217;origine. Mais les survivants du crash de Roswell sont perdus \u00e0 des milliers d&#8217;ann\u00e9es-lumi\u00e8re de chez eux et ils n&#8217;ont toujours pas retrouv\u00e9 le vaisseau de leurs parents&#8230; Liz acceptera-t-elle de risquer sa vie pour le localiser et sauver le jeune homme qu&#8217;elle aime ?<\/p>\n<hr>\n<h4 id=\"letrangere\">#05 \u2013 THE INTRUDER: L&#8217;\u00c9TRANG\u00c8RE<\/h4>\n<p><img decoding=\"async\" src=\"..\/..\/..\/..\/images\/show\/books\/fr\/05.jpg\" width=\"150px\" class=\"alignleft\"><\/p>\n<p><strong>Date de publication :<\/strong> 22 novembre 2001<\/p>\n<p><strong>Info ou intox :<\/strong> Prisonnier dans le complexe secret du Projet Table Rase, Michael d\u00e9couvre qu&#8217;un autre extraterrestre, Adam, y est s\u00e9questr\u00e9 depuis sa naissance. Le pauvre gar\u00e7on, qui ne conna\u00eet rien du monde, croit que le sinistre sh\u00e9rif Valenti est son p\u00e8re ! R\u00e9volt\u00e9 par tant de m\u00e9chancet\u00e9, Michael se rapproche de Cameron Winger une jeune voyante engag\u00e9e pour tester ses pouvoirs &#8211; qui \u00e9veille tr\u00e8s vite en lui de tr\u00e8s doux sentiments&#8230;<\/p>\n<hr>\n<h4 id=\"lepassagerclandestin\">#06 \u2013 THE STOWAWAY: LE PASSAGER CLANDESTIN<\/h4>\n<p><img decoding=\"async\" src=\"..\/..\/..\/..\/images\/show\/books\/fr\/06.jpg\" width=\"150px\" class=\"alignleft\"><\/p>\n<p><strong>Date de publication :<\/strong> 10 janvier 2002<\/p>\n<p><strong>Info ou intox :<\/strong> Le sh\u00e9rif est mort et le complexe du Projet Table Rase a \u00e9t\u00e9 d\u00e9truit. Mais Adam, le gar\u00e7on que Max et ses amis ont tir\u00e9 des griffes de Valenti, se comporte \u00e9trangement. Et Cameron, la nouvelle passion de Michael, dissimule toujours de noirs secrets. Tout \u00e7a devient secondaire quand le passager clandestin du vaisseau extraterrestre &#8211; le responsable du crash ! &#8211; sort de l&#8217;ombre et attaque les jeunes gens. Dire que ce criminel se cachait sous les traits d&#8217;un habitant de Roswell pittoresque et inoffensif !<\/p>\n<hr>\n<h4 id=\"lapierredeminuit\">#07 \u2013 THE VANISHED: LA PIERRE DE MINUIT<\/h4>\n<p><img decoding=\"async\" src=\"..\/..\/..\/..\/images\/show\/books\/fr\/07.jpg\" width=\"150px\" class=\"alignleft\"><\/p>\n<p><strong>Date de publication :<\/strong> f\u00e9vrier 2002<\/p>\n<p><strong>Info ou intox :<\/strong> Croyant se d\u00e9barrasser de leur ennemi jur\u00e9, Max, Michael et Isabel ont envoy\u00e9 le pauvre Alex&#8230; sur leur plan\u00e8te natale. Pour le ramener, ils ont besoin de la Pierre de Minuit. Mais ils ignorent o\u00f9 elle est&#8230; M\u00e9lancolique parce que Max n&#8217;a plus de temps \u00e0 lui consacrer, Liz trouve un d\u00e9rivatif en aidant Adam \u00e0 s&#8217;adapter \u00e0 la vie hors du complexe du Projet Table Rase. Troubl\u00e9e, elle s&#8217;aper\u00e7oit qu&#8217;elle appr\u00e9cie beaucoup trop la compagnie du jeune homme. L&#8217;unit\u00e9 du petit groupe survivra-t-elle \u00e0 tous ces bouleversements ?<\/p>\n<hr>\n<h4 id=\"lerebelle\">#08 \u2013 THE REBEL: Le Rebelle<\/h4>\n<p><img decoding=\"async\" src=\"..\/..\/..\/..\/images\/show\/books\/fr\/08.jpg\" width=\"150px\" class=\"alignleft\"><\/p>\n<p><strong>Date de publication :<\/strong> 11 avril 2002<\/p>\n<p><strong>Info ou intox :<\/strong>  personne ne sait ce qui s&#8217;est vraiment pass\u00e9, en tout cas la parano\u00efa s&#8217;installe&#8230; Michael n&#8217;a jamais \u00e9t\u00e9 aussi heureux de sa vie ! Son fr\u00e8re, Trevor, a profit\u00e9 du retour d&#8217;Alex sur la Terre pour venir y faire un petit tour. Au d\u00e9but, les deux jeunes gens s&#8217;entendent \u00e0 merveille&#8230; En revanche, rien ne va plus entre Max et Liz. Se jugeant d\u00e9laiss\u00e9e, la jeune fille s&#8217;est rapproch\u00e9e d&#8217;Adam, qui n&#8217;ose croire en sa chance. Mais l&#8217;enl\u00e8vement de Kevin, le jeune fr\u00e8re de Maria, ram\u00e8ne les six amis \u00e0 la r\u00e9alit\u00e9. Leurs ennemis sont toujours l\u00e0&#8230; et ils changent sans cesse de visage&#8230;<\/p>\n<hr>\n<h4 id=\"lerenegat\">#09 \u2013 THE DARK ONE: Le Ren\u00e9gat<\/h4>\n<p><img decoding=\"async\" src=\"..\/..\/..\/..\/images\/show\/books\/fr\/09.jpg\" width=\"150px\" class=\"alignleft\"><\/p>\n<p><strong>Date de publication:<\/strong> 4 juillet 2002<\/p>\n<p><strong>Info ou intox :<\/strong> M\u00e9tamorphos\u00e9 par son s\u00e9jour sur le monde de ses amis extraterrestres, Alex est de retour, r\u00e9solu \u00e0 profiter de la vie et \u00e0 oublier Isabel. Mais tout va mal autour de lui : Max s&#8217;\u00e9loigne de Liz, de plus en plus attir\u00e9e par Adam, Michael s&#8217;interroge sur Trevor, son fr\u00e8re tomb\u00e9 du ciel, et Isabel, quitte \u00e0 en mourir, refuse de devenir le jouet de la conscience collective. Et si Alex remettait un peu d&#8217;ordre dans tout \u00e7a ?<\/p>\n<hr>\n<h4 id=\"nouveaudepart\">#10 \u2013 THE SALVATION: Nouveau d\u00e9part<\/h4>\n<p><img decoding=\"async\" src=\"..\/..\/..\/..\/images\/show\/books\/fr\/10.jpg\" width=\"150px\" class=\"alignleft\"><\/p>\n<p><strong>Date de publication:<\/strong> 10 octobre 2002<\/p>\n<p><strong>Info ou intox :<\/strong> Les temps sont noirs pour les jeunes extra-terrestres et leurs compagnons humains. Abattus par la mort d&#8217;Adam, ils ont \u00e9galement perdu Max, tomb\u00e9 dans le coma sous l&#8217;influence de la conscience collective. Et s&#8217;ils d\u00e9truisent l&#8217;entit\u00e9 mal\u00e9fique, rien ne garantit que leur ami survivra. Un malheur n&#8217;arrivant jamais seul, Trevor a convaincu Michael de partir avec lui vers leur plan\u00e8te natale. Des larmes en perspective pour Maria&#8230; et la certitude de voir \u00e9clater pour toujours le petit groupe d&#8217;amis ! Une si belle aventure peut-elle vraiment finir ainsi ?<\/p>\n","protected":false},"excerpt":{"rendered":"<p>Added by Lena The editor Fleuve noir released the Roswell High books on the french market. The covers show the<\/p>\n","protected":false},"author":2,"featured_media":0,"parent":46818,"menu_order":0,"comment_status":"closed","ping_status":"closed","template":"","meta":{"colormag_page_container_layout":"default_layout","colormag_page_sidebar_layout":"default_layout","footnotes":""},"coauthors":[2262],"class_list":["post-46866","page","type-page","status-publish","hentry"],"_links":{"self":[{"href":"https:\/\/crashdown.com\/news\/wp-json\/wp\/v2\/pages\/46866","targetHints":{"allow":["GET"]}}],"collection":[{"href":"https:\/\/crashdown.com\/news\/wp-json\/wp\/v2\/pages"}],"about":[{"href":"https:\/\/crashdown.com\/news\/wp-json\/wp\/v2\/types\/page"}],"author":[{"embeddable":true,"href":"https:\/\/crashdown.com\/news\/wp-json\/wp\/v2\/users\/2"}],"replies":[{"embeddable":true,"href":"https:\/\/crashdown.com\/news\/wp-json\/wp\/v2\/comments?post=46866"}],"version-history":[{"count":36,"href":"https:\/\/crashdown.com\/news\/wp-json\/wp\/v2\/pages\/46866\/revisions"}],"predecessor-version":[{"id":46946,"href":"https:\/\/crashdown.com\/news\/wp-json\/wp\/v2\/pages\/46866\/revisions\/46946"}],"up":[{"embeddable":true,"href":"https:\/\/crashdown.com\/news\/wp-json\/wp\/v2\/pages\/46818"}],"wp:attachment":[{"href":"https:\/\/crashdown.com\/news\/wp-json\/wp\/v2\/media?parent=46866"}],"wp:term":[{"taxonomy":"author","embeddable":true,"href":"https:\/\/crashdown.com\/news\/wp-json\/wp\/v2\/coauthors?post=46866"}],"curies":[{"name":"wp","href":"https:\/\/api.w.org\/{rel}","templated":true}]}}