{"id":46918,"date":"2023-09-08T06:33:05","date_gmt":"2023-09-08T10:33:05","guid":{"rendered":"http:\/\/crashdown.com\/news\/?page_id=46918"},"modified":"2024-08-24T12:31:04","modified_gmt":"2024-08-24T16:31:04","slug":"french-books","status":"publish","type":"page","link":"https:\/\/crashdown.com\/news\/books\/roswell-foreign-languages\/french-books\/","title":{"rendered":"Roswell Books \u2013 French"},"content":{"rendered":"<p><small>Added by Lena<\/small><\/p>\n<p>Between November 2002 and October 2004 the Roswell books that are connected to the television series were released in France.<\/p>\n<p>The last three books weren&#8217;t translated and never released.<\/p>\n<hr \/>\n<p><a href=\"#lesassassinsnoublientjamais\">#01 \u2013 Loose Ends: Les Assassins n&#8217;oublient jamais<\/a><br \/>\nTranslation: Murderers never forget<\/p>\n<p><a href=\"#leprixdunmiracle\">#02 \u2013 No Good Deed: Le Prix d&#8217;un miracle<\/a><br \/>\nTranslation: The Price of a Miracle<\/p>\n<p><a href=\"#lesyndromevalenti\">#03 \u2013 Little Green Men: Le Syndrome Valenti<\/a><br \/>\nTranslation: The Valenti Syndrome<\/p>\n<p><a href=\"#lahachedeguerre\">#04 \u2013 Shades: La hache de guerre<\/a><br \/>\nTranslation: The Hatchet<\/p>\n<p><a href=\"#secretsdefamille\">#05 \u2013 Skeletons in the Closet: Secrets de famille<\/a><br \/>\nTranslation: Family Secrets<\/p>\n<p><a href=\"#ultimemessage\">#06 \u2013 Dreamwalk: Ultime Message<\/a><br \/>\nTranslation: The Very Last Message<\/p>\n<p><a href=\"#alerterouge\">#07 \u2013 Quarantine: Alerte Rouge<\/a><br \/>\nTranslation: Red Alert<\/p>\n<p><a href=\"#droitdevant\">#08 \u2013 A New Beginning: Droit Devant<\/a><br \/>\nTranslation: Straight Ahead<\/p>\n<p><del><a href=\"#\">#09 \u2013 Nightscape: .\/.<\/a><\/del><\/p>\n<p><del><a href=\"#\">#10 \u2013 Pursuit: .\/.<\/a><\/del><\/p>\n<p><del><a href=\"#\">#11 \u2013 Turnabout: .\/.<\/a><\/del><\/p>\n<hr \/>\n<h4 id=\"lesassassinsnoublientjamais\">#01 \u2013 Loose Ends: Les Assassins n&#8217;oublient jamais<\/h4>\n<p><img decoding=\"async\" class=\"alignleft\" src=\"..\/..\/..\/..\/images\/show\/books\/fr\/11.jpg\" width=\"150px\" \/><br \/>\n<strong>Date de publication:<\/strong> 14 novembre 2002<\/p>\n<p><strong>Info ou intox :<\/strong> Qui a eu l&#8217;id\u00e9e saugrenue d&#8217;aller passer un week-end de pure d\u00e9tente dans les Cavernes de Carlsbad ? Max, Michael, Isabel ou Liz ? Qu&#8217;importe, puisqu&#8217;il \u00e9tait impossible de pr\u00e9voir que Liz rencontrerait par hasard l&#8217;homme qui lui a tir\u00e9 dessus au CrashDown Caf\u00e9. Ce jour-l\u00e0, sans Max, elle n&#8217;aurait pas surv\u00e9cu. \u00c9tait-ce simplement un sursis de deux ans ? Il semble bien, car le tueur para\u00eet d\u00e9cid\u00e9 \u00e0 achever son sale boulot&#8230; Dans la course contre la mort que doivent disputer les jeunes extraterrestres et leurs amis humains, qui sera le vainqueur ?<\/p>\n<p>&nbsp;<\/p>\n<hr \/>\n<h4 id=\"leprixdunmiracle\">02 \u2013 No Good Deed: Le Prix d&#8217;un miracle<\/h4>\n<p><img decoding=\"async\" class=\"alignleft\" src=\"..\/..\/..\/..\/images\/show\/books\/fr\/12.jpg\" width=\"150px\" \/><\/p>\n<p><strong>Date de publication:<\/strong> 9 janvier 2003<\/p>\n<p><strong>Info ou intox :<\/strong> Le &#8221; miracle de No\u00ebl &#8221; &#8211; la gu\u00e9rison par Max de tout un service de jeunes canc\u00e9reux &#8211; a eu des cons\u00e9quences&#8230; pas toujours positives. Depuis, des escrocs rackettent les parents confront\u00e9s \u00e0 la fin prochaine de leurs enfants. Pr\u00eat \u00e0 tout pour sauver sa fille Katie, Chad Newcomb se laisse d&#8217;abord abuser par ces imposteurs. Puis il remonte la piste des extraterrestres et d\u00e9cide d&#8217;enlever Michael &#8211; d\u00e9pourvu de pouvoirs de gu\u00e9rison ! Si Katie meurt, Chad se vengera-t-il sur son otage ? C&#8217;est ce que redoutent Max et ses amis, qui se lancent aussit\u00f4t \u00e0 la poursuite du &#8221; ravisseur &#8221; !<\/p>\n<p>&nbsp;<\/p>\n<p>&nbsp;<\/p>\n<hr \/>\n<h4 id=\"lesyndromevalenti\">#03 \u2013 Little Green Men: Le Syndrome Valenti<\/h4>\n<p><img decoding=\"async\" class=\"alignleft\" src=\"..\/..\/..\/..\/images\/show\/books\/fr\/13.jpg\" width=\"150px\" \/><br \/>\n<strong>Date de publication:<\/strong> 27 f\u00e9vrier 2003<\/p>\n<p><strong>Info ou intox :<\/strong> Au Crash Down Caf\u00e9, quand Kyle Valenti d\u00e9couvre qu&#8217;il est devenu aussi vert qu&#8217;un Martien, ses amis &#8211; extraterrestres ou non &#8211; se payent carr\u00e9ment sa t\u00eate ! Comme il n&#8217;a pas de sympt\u00f4mes plus alarmants, pourquoi se priver d&#8217;une occasion de rire ? Mais la plaisanterie tourne court, car le mal se propage et menace de frapper tous les habitants de Roswell. A part Max, Isabel et Michael ! Une myst\u00e9rieuse immunit\u00e9 qui revient, pour eux, \u00e0 brandir une pancarte proclamant qu&#8217;ils ne sont pas comme tout le monde. De quoi s&#8217;inqui\u00e9ter, surtout quand les militaires d\u00e9barquent en ville et commencent \u00e0 enqu\u00eater sur l&#8217;\u00e9pid\u00e9mie.<\/p>\n<hr \/>\n<h4 id=\"lahachedeguerre\">#04 \u2013 Shades: La hache de guerre<\/h4>\n<p><img decoding=\"async\" class=\"alignleft\" src=\"..\/..\/..\/..\/images\/show\/books\/fr\/14.jpg\" width=\"150px\" \/><br \/>\n<strong>Date de publication:<\/strong> 24 avril 2003<\/p>\n<p><strong>Info ou intox :<\/strong> personne ne soit ce qui s&#8217;est vraiment pass\u00e9, en tout cas la parano\u00efa s&#8217;installe&#8230; Michael est bien plac\u00e9 pour savoir que Roswell n&#8217;est pas un endroit comme les autres. Pourtant, quand il commence \u00e0 voir des fant\u00f4mes partout, le jeune homme croit d&#8217;abord que son imagination lui joue des tours. Les apparitions se multiplient, et Chien de Rivi\u00e8re, son ami indien, appelle Max au secours parce que les spectres de ses anc\u00eatres, de fiers guerriers, menacent de reprendre le sentier de la guerre pour chasser les &#8221; visiteurs &#8221; de leurs terres. Comprenant qu&#8217;ils sont vis\u00e9s, Michael, Max et Isabel se chargent du probl\u00e8me. Mais ont-ils vraiment affaire \u00e0 des manifestations de l&#8217;au-del\u00e0 ?<\/p>\n<hr \/>\n<h4 id=\"secretsdefamille\">#05 \u2013 Skeletons in the Closet: Secrets de famille<\/h4>\n<p><img decoding=\"async\" class=\"alignleft\" src=\"..\/..\/..\/..\/images\/show\/books\/fr\/15.jpg\" width=\"150px\" \/><br \/>\n<strong>Date de publication:<\/strong> 3 juillet 2003<\/p>\n<p><strong>Info ou intox :<\/strong> L&#8217;exhumation d&#8217;une d\u00e9pouille enfouie dans le d\u00e9sert bouleverse de nouveau la vie des extraterrestres de Roswell. Surtout quand la police \u00e9tablit que c&#8217;est celle de Hank Whitmore, la brute alcoolique qui a adopt\u00e9 Michael par int\u00e9r\u00eat financier. Principal suspect du sh\u00e9rif Hanson, qui remplace Jim Valenti, le jeune homme risque gros. Bien entendu, Max et les autres volent \u00e0 son secours. Mais cela suffira-t-il, alors que les pr\u00e9somptions s&#8217;accumulent ? Pour se disculper, Michael aura peut-\u00eatre une seule solution : dire toute la v\u00e9rit\u00e9 sur ses origines. Un rem\u00e8de pire que le mal !<\/p>\n<p>&nbsp;<\/p>\n<hr \/>\n<h4 id=\"ultimemessage\">#06 \u2013 Dreamwalk: Ultime Message<\/h4>\n<p><img decoding=\"async\" class=\"alignleft\" src=\"..\/..\/..\/..\/images\/show\/books\/fr\/16.jpg\" width=\"150px\" \/><br \/>\n<strong>Date de publication:<\/strong> 9 octobre 2003<\/p>\n<p><strong>Info ou intox :<\/strong> D\u00e9prim\u00e9 par la mort d&#8217;Alex, un drame o\u00f9 il a involontairement jou\u00e9 un r\u00f4le &#8211; manipul\u00e9 par Tess, Kyle Valenti est victime d&#8217;atroces cauchemars. Fuyant le sommeil, \u00e0 bout de nerfs, il demande de l&#8217;aide \u00e0 Isabel. Si elle s&#8217;introduisait dans ses r\u00eaves, ne pourrait-elle pas le d\u00e9barrasser de son obsession ? La jeune extraterrestre lui oppose d&#8217;abord un refus cat\u00e9gorique. Quand on cherche \u00e0 les influencer, s&#8217;aventurer dans les songes des autres devient un jeu dangereux. Mais elle revient sur sa d\u00e9cision, touch\u00e9e par la d\u00e9tresse de son ami. Une compassion qui lui co\u00fbte cher, puisqu&#8217;elle se retrouve pi\u00e9g\u00e9e dans l&#8217;univers fantasmatique &#8211; et \u00f4 combien tortur\u00e9 ! &#8211; du pauvre Kyle&#8230;<\/p>\n<hr \/>\n<h4 id=\"alerterouge\">#07 \u2013 Quarantine: Alerte Rouge<\/h4>\n<p><img decoding=\"async\" class=\"alignleft\" src=\"..\/..\/..\/..\/images\/show\/books\/fr\/18.jpg\" width=\"150px\" \/><br \/>\n<strong>Date de publication:<\/strong> 15 janvier 2004<\/p>\n<p><strong>Info ou intox :<\/strong> personne ne sait ce qui s&#8217;est vraiment pass\u00e9, en tout cas la parano\u00efa s&#8217;installe&#8230; Meta-chem, un g\u00e9ant de l&#8217;industrie pharmaceutique, vient d&#8217;ouvrir de nouveaux laboratoires \u00e0 Roswell. Et c&#8217;est Liz, malgr\u00e9 ses r\u00e9sultats scolaires en baisse, qui est s\u00e9lectionn\u00e9e pour y faire un stage. La chance de sa vie, pensent tous ses proches. H\u00e9las, la directrice du labo n&#8217;a pas choisi par hasard. Soup\u00e7onnant la jeune fille d&#8217;\u00eatre li\u00e9e aux extraterrestres, elle l&#8217;a attir\u00e9e dans un pi\u00e8ge, histoire de lui arracher ses secrets. La situation, d\u00e9j\u00e0 grave, se complique encore quand un myst\u00e9rieux virus frappe la ville, imposant une mise en quarantaine. Un drame sanitaire&#8230; et un pi\u00e8ge potentiellement mortel pour Isabel, Max et Michael !<\/p>\n<hr \/>\n<h4 id=\"droitdevant\">#08 \u2013 A New Beginning: Droit Devant<\/h4>\n<p><img decoding=\"async\" class=\"alignleft\" src=\"..\/..\/..\/..\/images\/show\/books\/fr\/19.jpg\" width=\"150px\" \/><\/p>\n<p><strong>Date de publication:<\/strong> 18 octobre 2004<\/p>\n<p><strong>Info ou intox :<\/strong> C&#8217;est avec l&#8217;espoir d&#8217;un avenir meilleur que Max, Michael, Kyle et leurs amis, \u00e0 bord de leur van plein \u00e0 craquer, laissent Roswell derri\u00e8re eux. Le moins que l&#8217;on puisse dire, c&#8217;est que leurs ann\u00e9es de lyc\u00e9e \u00e9taient tout, sauf ennuyeuses. Leur exp\u00e9rience extraterrestre a bien failli leur co\u00fbter la vie, et plus d&#8217;une fois&#8230; Mais ils savent d\u00e9sormais qu&#8217;elle les a aussi rendus plus forts. Cependant, peu de temps apr\u00e8s ce &#8221; grand d\u00e9part &#8220;, Liz est frapp\u00e9e par une vision d&#8217;apocalypse. La petite \u00e9quipe r\u00e9alise qu&#8217;en quittant Roswell, elle a probablement chang\u00e9 le cours des \u00e9v\u00e9nements, et pas forc\u00e9ment en bien. Lorsqu&#8217;ils parviennent dans une ville o\u00f9 de nombreuses jeunes filles sont port\u00e9es disparues, les jeunes gens r\u00e9alisent rapidement qu&#8217;apr\u00e8s Roswell, leurs vies seront tout, sauf simples&#8230;<\/p>\n","protected":false},"excerpt":{"rendered":"<p>Added by Lena Between November 2002 and October 2004 the Roswell books that are connected to the television series were<\/p>\n","protected":false},"author":2,"featured_media":0,"parent":46897,"menu_order":0,"comment_status":"closed","ping_status":"closed","template":"","meta":{"colormag_page_container_layout":"default_layout","colormag_page_sidebar_layout":"default_layout","footnotes":""},"coauthors":[2262],"class_list":["post-46918","page","type-page","status-publish","hentry"],"_links":{"self":[{"href":"https:\/\/crashdown.com\/news\/wp-json\/wp\/v2\/pages\/46918","targetHints":{"allow":["GET"]}}],"collection":[{"href":"https:\/\/crashdown.com\/news\/wp-json\/wp\/v2\/pages"}],"about":[{"href":"https:\/\/crashdown.com\/news\/wp-json\/wp\/v2\/types\/page"}],"author":[{"embeddable":true,"href":"https:\/\/crashdown.com\/news\/wp-json\/wp\/v2\/users\/2"}],"replies":[{"embeddable":true,"href":"https:\/\/crashdown.com\/news\/wp-json\/wp\/v2\/comments?post=46918"}],"version-history":[{"count":9,"href":"https:\/\/crashdown.com\/news\/wp-json\/wp\/v2\/pages\/46918\/revisions"}],"predecessor-version":[{"id":47676,"href":"https:\/\/crashdown.com\/news\/wp-json\/wp\/v2\/pages\/46918\/revisions\/47676"}],"up":[{"embeddable":true,"href":"https:\/\/crashdown.com\/news\/wp-json\/wp\/v2\/pages\/46897"}],"wp:attachment":[{"href":"https:\/\/crashdown.com\/news\/wp-json\/wp\/v2\/media?parent=46918"}],"wp:term":[{"taxonomy":"author","embeddable":true,"href":"https:\/\/crashdown.com\/news\/wp-json\/wp\/v2\/coauthors?post=46918"}],"curies":[{"name":"wp","href":"https:\/\/api.w.org\/{rel}","templated":true}]}}