{"id":46952,"date":"2024-08-24T12:38:00","date_gmt":"2024-08-24T16:38:00","guid":{"rendered":"http:\/\/crashdown.com\/news\/?page_id=46952"},"modified":"2024-08-24T12:38:00","modified_gmt":"2024-08-24T16:38:00","slug":"german-books","status":"publish","type":"page","link":"https:\/\/crashdown.com\/news\/books\/roswell-foreign-languages\/german-books\/","title":{"rendered":"Roswell Books &#8211; German"},"content":{"rendered":"<p><small>Added by Lena<\/small><\/p>\n<p>Between January 2002 and 2003 four books of the books based on the tv series were released in Germany. <\/p>\n<hr>\n<p><a href=\"#fluchtvordervergangenheit\">#01 \u2013 LOOSE ENDS: FLUCHT VOR DER VERGANGENHEIT<\/a><br \/>\nTranslation: Escape from the Past <\/p>\n<p><a href=\"#dieletztehoffnung\">#02 \u2013 NO GOOD DEED: DIE LETZTE HOFFNUNG<\/a><br \/>\nTranslation: The Last Hope<\/p>\n<p><a href=\"#unterquarantaene\">#03 \u2013 LITTLE GREN MEN: UNTER QUARANT\u00c4NE<\/a><br \/>\nTranslation: Under Quarantine <\/p>\n<p><a href=\"#schattendervergangenheit\">#04 \u2013 SHADES: <\/a> SCHATTEN DER VERGANGENEHEIT<br \/>\nTranslation: Shadows of the Past<\/p>\n<hr>\n<h4 id=\"fluchtvordervergangenheit\">#01 \u2013 LOOSE ENDS: FLUCHT VOR DER VERGANGENHEIT<\/h4>\n<p><img decoding=\"async\" src=\"..\/..\/..\/..\/images\/show\/books\/ger\/11.png\" width=\"150px\" class=\"alignleft\"> <\/p>\n<p><strong>Titel der amerikanischen Originalausgabe:<\/strong> Loose Ends<br \/>\n<strong>Erscheinungstermin:<\/strong> 1. Januar 2002<br \/>\n<strong>Autor:<\/strong> Greg Cox<\/p>\n<p><strong>Buchbeschreibung: <\/strong> Es beginnt als harmloser Wochenendtrip zu den Carlsbad-H\u00f6hlen, bei dem sich die Freunde einfach nur erholen wollen. Doch schnell bereuen Max, Isabel, Michael, Liz, Alex und Maria, diesen Ausflug unternommen zu haben. Hunderte Meter unter der Erde, in dem Souvenirshop der H\u00f6hlen, trifft Liz jemanden, von dem sie dachte, dass sie ihn nie wieder sehen w\u00fcrde. Vor ihr steht der Mann, der vor einiger Zeit auf sie geschossen hatte. Verdr\u00e4ngte Gef\u00fchle brechen wieder hervor. Liz ist schockiert und rennt zu ihren Freunden.<\/p>\n<p>Aber ihre Flucht l\u00f6st das Problem nicht. Voller Wut auf den Mann, der seine Freundin fast get\u00f6tet h\u00e4tte, nimmt Max die Verfolgung auf. Bald stellt sich  heraus, dass auch der Sch\u00fctze Liz nicht vergessen hat. Und nun will er sie t\u00f6ten &#8230;<\/p>\n<p><strong>Erster Satz: <\/strong> \u00bbWas soll das?\u00ab<br \/>\n<strong>Letzter Satz:<\/strong> \u00bbKeine Flucht vor der Vergangenheit mehr.\u00ab<\/p>\n<hr>\n<h4 id=\"dieletztehoffnung\">#02 \u2013 NO GOOD DEED: Die letzte Hoffnung<\/h4>\n<p><img decoding=\"async\" src=\"..\/..\/..\/..\/images\/show\/books\/ger\/12.png\" width=\"150px\" class=\"alignleft\"> <\/p>\n<p><strong>Titel der amerikanischen Originalausgabe:<\/strong> No Good Deed<br \/>\n<strong>Erscheinungstermin:<\/strong> 1. Januar 2002<br \/>\n<strong>Autoren:<\/strong> Dean Wesley Smith und Kristine Kathryn Rusch<\/p>\n<p><strong>Buchbeschreibung: <\/strong> Michael ist spurlos verschwunden &#8211; gekidnappt von einem verzweifelten Vater, der glaubt, durch diesen Schritt seine sterbende Tochter Katie retten zu k\u00f6nnen. Denn Chad Newcomb ist der Meinung, dass Michael mit dem &#8220;Weihnachtswunder&#8221; in einem Krankenhaus in Phoenix zu tun hat. Dort waren ganz pl\u00f6tzlich und auf unerkl\u00e4rliche Weise todkranke Kinder wieder gesund geworden.<\/p>\n<p>Max, Maria, Isabel, Liz und Tess machen sich auf die Suche nach ihrem Freund. Doch wo kann er sein? Und welche rolle spielt die ehrgeizige Reporterin Nila, die pl\u00f6tzlich in Roswell auftaucht und einen unglaublich skrupellosen Betrugsfall auf der Spur ist? Die Freunde stehen vor einem R\u00e4tsel. W\u00e4hrenddessen stellt sich f\u00fcr Michael nur eine Frage: Kann er der kleinen Katie helfen?<br \/>\nDie Zeit dr\u00e4ngt &#8230; <\/p>\n<p><strong>Erster Satz: <\/strong> Chad Newcomb streifte die Baumwollmaske, den OP-Kittel, die Handschuhe und die Papierschuhe ab, die zu tragen das Krankenhaus ihm verordnet hatte.<br \/>\n<strong>Letzter Satz:<\/strong> Michael schaute auf Katie herunter, die wieder ganz gesund werden w\u00fcrde, und ihm wurde klar, dass er sich in seinem ganzen Leben noch nie besser gef\u00fchlt hatte.<\/p>\n<hr>\n<h4 id=\"unterquarantaene\">#03 \u2013 LITTLE GREN MEN: Unter Quarant\u00e4ne<\/h4>\n<p><img decoding=\"async\" src=\"..\/..\/..\/..\/images\/show\/books\/ger\/13.png\" width=\"150px\" class=\"alignleft\"> <\/p>\n<p><strong>Titel der amerikanischen Originalausgabe:<\/strong> Little Green Men<br \/>\n<strong>Erscheinungstermin:<\/strong> 1. Dezember 2002<br \/>\n<strong>Autoren:<\/strong> Dean Wesley Smith und Kristine Kathryn Rusch<\/p>\n<p><strong>Buchbeschreibung: <\/strong> Zun\u00e4chst glauben die Freunde in Roswell an einen Scherz. Kyle taucht im Crashdown Caf\u00e9 auf und ist v\u00f6llig gr\u00fcn im Gesicht. Die Witze dar\u00fcber bleiben den anderen jedoch schnell im Hals stekcen, als sich auch noch Marias und Alex&#8217; Haut verf\u00e4rbt \u2013 nur Michael und Max bleiben verschont. Eilig machensich die f\u00fcnf Freunde auf den weg ins Krankenhaus, wo sich schon eine wahre Menschenansammlung eingefunden hat. Halb Roswell scheint die Farbe gewechselt zu haben und dringend \u00e4rztliche Hilfe zu ben\u00f6tigen. Doch die Mediziner sind ratlos und wollen die Gr\u00fcnen samt ihrer Begleiter erstmal unter Quarant\u00e4ne stellen. Gl\u00fccklicherweise gelingt der Clique die Flucht! Doch was nun? Liz, die im Biologieunterricht gut aufgepasst hat, verbl\u00fcfft die Freunde mit ihrem Wissen \u00fcber die F\u00e4rbungen der menschlichen Haut. Und dann f\u00fchrt sie einige Experimente durch, die die Clique auf eine Spur f\u00fchrt &#8230;<\/p>\n<p><strong>Erster Satz: <\/strong> Dr. Jonathan Bridge streifte den Latexhandschuh ab, warf ihn in den M\u00fclleimer unter der Anrichte und wandte sich dann zum Notaufnahmeschalter, w\u00e4hrend Denise, seine Schwester, den Rest seiner Sachen wegr\u00e4umte.<br \/>\n<strong>Letzter Satz:<\/strong> Keiner von ihnen beantwortete Alex&#8217; Frage, aber Max war sicher, dass jeder von ihnen eine Antwort hatte. <\/p>\n<hr>\n<h4 id=\"unterquarantaene\">#04 \u2013 SHADES: <\/a> SCHATTEN DER VERGANGENEHEIT<\/h4>\n<p><img decoding=\"async\" src=\"..\/..\/..\/..\/images\/show\/books\/ger\/14.png\" width=\"150px\" class=\"alignleft\"> <\/p>\n<p><strong>Titel der amerikanischen Originalausgabe:<\/strong> Shades<br \/>\n<strong>Erscheinungstermin:<\/strong> 1. Januar 2003<br \/>\n<strong>Autoren:<\/strong> Mel Odom<\/p>\n<p><strong>Buchbeschreibung: <\/strong> Alles scheint zun\u00e4chst friedlich in Roswell, und Menschen und Aliens sind damit besch\u00e4ftigt, an der L\u00f6sung ihrer pers\u00f6nlichen Probleme zu arbeiten, bis pl\u00f6tzlich aus tiefster Vergangenheit neuer \u00c4rger aufzieht. Im Reservat der Mesaliko-Indianer verwandeln sich mit einem Mal alte Legenden in bedrohliche Erscheinungen, die den Stamm zum Verlassen seiner Siedlungen auffordern. Liz macht sich gro\u00dfe Sorgen, als sie mit anh\u00f6rt, wie ihre Mutter sich mit dem Trugbild ihrer l\u00e4ngst verstorbenen Gro\u00dfmutter streitet.<br \/>\nUnd schlie\u00dflich st\u00fcrmt ein einsamer alter Goldgr\u00e4ber in das Crashdown Caf\u00e9, der sich von allen D\u00e4monen der H\u00f6lle gehetzt w\u00e4hnt. Fortan ereignen sich immer neue, seltsame Dinge in Roswell. Aber au\u00dfer den unmittelbar Betroffenen scheinen nur die Gestrandeten aus dem Weltraum die Geister zu sehen, die den Ort heimsuchen. Doch handelt es sich wirklich nur um Geister? Oder tritt am Ende eine feindliche au\u00dferirdische Konkurrenz f\u00fcr die Aliens von Roswell auf den Plan, die seit Jahrtausenden unter dem W\u00fcstensand geschlummert hat?<\/p>\n<p><strong>Erster Satz: <\/strong> Helle Blitze von der Farbe gesplitterter Knochen rissen gezackte Streifen in den dunklen Nachthimmel.<br \/>\n<strong>Letzter Satz:<\/strong> Das hat mir an unserer Bibliothek schon immer am besten gefallen.<\/p>\n","protected":false},"excerpt":{"rendered":"<p>Added by Lena Between January 2002 and 2003 four books of the books based on the tv series were released<\/p>\n","protected":false},"author":2,"featured_media":0,"parent":46897,"menu_order":0,"comment_status":"closed","ping_status":"closed","template":"","meta":{"colormag_page_container_layout":"default_layout","colormag_page_sidebar_layout":"default_layout","footnotes":""},"coauthors":[2262],"class_list":["post-46952","page","type-page","status-publish","hentry"],"_links":{"self":[{"href":"https:\/\/crashdown.com\/news\/wp-json\/wp\/v2\/pages\/46952","targetHints":{"allow":["GET"]}}],"collection":[{"href":"https:\/\/crashdown.com\/news\/wp-json\/wp\/v2\/pages"}],"about":[{"href":"https:\/\/crashdown.com\/news\/wp-json\/wp\/v2\/types\/page"}],"author":[{"embeddable":true,"href":"https:\/\/crashdown.com\/news\/wp-json\/wp\/v2\/users\/2"}],"replies":[{"embeddable":true,"href":"https:\/\/crashdown.com\/news\/wp-json\/wp\/v2\/comments?post=46952"}],"version-history":[{"count":13,"href":"https:\/\/crashdown.com\/news\/wp-json\/wp\/v2\/pages\/46952\/revisions"}],"predecessor-version":[{"id":46966,"href":"https:\/\/crashdown.com\/news\/wp-json\/wp\/v2\/pages\/46952\/revisions\/46966"}],"up":[{"embeddable":true,"href":"https:\/\/crashdown.com\/news\/wp-json\/wp\/v2\/pages\/46897"}],"wp:attachment":[{"href":"https:\/\/crashdown.com\/news\/wp-json\/wp\/v2\/media?parent=46952"}],"wp:term":[{"taxonomy":"author","embeddable":true,"href":"https:\/\/crashdown.com\/news\/wp-json\/wp\/v2\/coauthors?post=46952"}],"curies":[{"name":"wp","href":"https:\/\/api.w.org\/{rel}","templated":true}]}}